{"id":8402,"date":"2019-08-12T18:21:54","date_gmt":"2019-08-12T17:21:54","guid":{"rendered":"http:\/\/td_uid_1_5d51a03218807"},"modified":"2022-08-23T09:43:46","modified_gmt":"2022-08-23T08:43:46","slug":"home","status":"publish","type":"page","link":"http:\/\/www.ciaobella.fr\/site\/","title":{"rendered":"Home"},"content":{"rendered":"<div id=\"tdi_1\" class=\"tdc-row\"><div class=\"vc_row vc_custom_1601227740048 tdi_2  wpb_row td-pb-row\" >\n<style scoped>\n\n\/* tdc_composer_block - inline css att *\/\n.vc_custom_1601227740048{background-color: #defc04 !important;}\n\/* custom css *\/\n.tdi_2,\r\n                .tdi_2 .tdc-columns{\r\n                    min-height: 0;\r\n                }.tdi_2,\r\n\t\t\t\t.tdi_2 .tdc-columns{\r\n\t\t\t\t    display: block;\r\n\t\t\t\t}.tdi_2 .tdc-columns{\r\n\t\t\t\t    width: 100%;\r\n\t\t\t\t}\n<\/style><div class=\"vc_column tdi_4  wpb_column vc_column_container tdc-column td-pb-span12\">\n<style scoped>\n\n\/* custom css *\/\n.tdi_4{\r\n                    vertical-align: baseline;\r\n                }.tdi_4 > .wpb_wrapper,\r\n\t\t\t\t.tdi_4 > .wpb_wrapper > .tdc-elements{\r\n\t\t\t\t    display: block;\r\n\t\t\t\t}.tdi_4 > .wpb_wrapper > .tdc-elements{\r\n\t\t\t\t    width: 100%;\r\n\t\t\t\t}.tdi_4 > .wpb_wrapper > .vc_row_inner{\r\n\t\t\t\t    width: auto;\r\n\t\t\t\t}.tdi_4 > .wpb_wrapper{\r\n\t\t\t\t    width: auto;\r\n\t\t\t\t    height: auto;\r\n\t\t\t\t}\n<\/style><div class=\"wpb_wrapper\"><div class=\"wpb_wrapper td_block_empty_space td_block_wrap vc_empty_space tdi_6 \"  style=\"height: 32px\"><\/div>[ucaddon_side_border_title text=\u00a0\u00bbINFORMATION\u00a0\u00bb bg_color=\u00a0\u00bb\u00a0\u00bb bg_clr=\u00a0\u00bb#e13689&Prime; uc_fonts_data=\u00a0\u00bbJTdCJTIydGV4dCUyMiUzQSU3QiUyMmZvbnQtd2VpZ2h0JTIyJTNBJTIyMTAwJTIyJTJDJTIyZm9udC1zaXplJTIyJTNBJTIyMTZweCUyMiUyQyUyMmNvbG9yJTIyJTNBJTIyJTIzNTY2NDczJTIyJTdEJTdE\u00a0\u00bb]<div class=\"wpb_wrapper td_block_empty_space td_block_wrap vc_empty_space tdi_8 \"  style=\"height: 32px\"><\/div>[vc_wp_text]<strong>Update du 20\/08\/2022<\/strong>\r\nRose sort son second livre \u00ab\u00a0Les montagnes roses\u00a0\u00bb, avec plein d&rsquo;actualit\u00e9s associ\u00e9es.\r\nRendez-vous <a href=\"http:\/\/www.instagram.com\/rosekeren\">ICI<\/a> ou <a href=\"http:\/\/www.rose-lesite.fr\">LA<\/a> pour suivre tout cela !\r\n\r\nIci ce n&rsquo;est plus tr\u00e8s \u00e0 jour, mais pouvez toujours vous replonger dans la d\u00e9cennie pr\u00e9c\u00e9dente \ud83d\ude09\r\n\r\n&#8212;&#8211;\r\n\r\nNous avions entrepris un \u00ab\u00a0simple\u00a0\u00bb relooking du site, mais comme vous pouvez vous en douter, plus de 12 ans d&rsquo;archives n\u00e9cessitent en r\u00e9alit\u00e9 une refonte compl\u00e8te.\r\nUn travail \u00e0 l&rsquo;ampleur cons\u00e9quente, donc nous avions quelque peu sous-estim\u00e9 l&rsquo;envergure !\r\n\r\nMais comme c&rsquo;est vraiment dommage de le laisser ferm\u00e9 pour cela, nous r\u00e9ouvrons le site sans plus tarder malgr\u00e9 des pages non mises \u00e0 jour, s\u00fbrement des contenus indisponibles et quelques bugs.\r\n\r\nNB: les archives s&rsquo;arr\u00eatent pour la plupart vers fin 2016 donc ne vous \u00e9tonnez pas s&rsquo;il n&rsquo;y a pas grand chose autour de KEROSENE le 5\u00e8me album.\r\nPour suivre l&rsquo;actualit\u00e9, le mieux \u00e9tant de toute fa\u00e7on de suivre ROSE sur ses r\u00e9seaux sociaux.\r\n\r\nLa CB&rsquo;s team\r\n\r\n<em>PS : Le site n&rsquo;est pas optimis\u00e9 pour les smartphones, pr\u00e9f\u00e9rez donc une visite depuis un ordinateur \ud83d\ude42\r\n<\/em>[\/vc_wp_text]<\/div><\/div><\/div><\/div><div id=\"tdi_9\" class=\"tdc-row\"><div class=\"vc_row tdi_10  wpb_row td-pb-row\" >\n<style scoped>\n\n\/* custom css *\/\n.tdi_10,\r\n                .tdi_10 .tdc-columns{\r\n                    min-height: 0;\r\n                }.tdi_10,\r\n\t\t\t\t.tdi_10 .tdc-columns{\r\n\t\t\t\t    display: block;\r\n\t\t\t\t}.tdi_10 .tdc-columns{\r\n\t\t\t\t    width: 100%;\r\n\t\t\t\t}\n<\/style><div class=\"vc_column tdi_12  wpb_column vc_column_container tdc-column td-pb-span12\">\n<style scoped>\n\n\/* custom css *\/\n.tdi_12{\r\n                    vertical-align: baseline;\r\n                }.tdi_12 > .wpb_wrapper,\r\n\t\t\t\t.tdi_12 > .wpb_wrapper > .tdc-elements{\r\n\t\t\t\t    display: block;\r\n\t\t\t\t}.tdi_12 > .wpb_wrapper > .tdc-elements{\r\n\t\t\t\t    width: 100%;\r\n\t\t\t\t}.tdi_12 > .wpb_wrapper > .vc_row_inner{\r\n\t\t\t\t    width: auto;\r\n\t\t\t\t}.tdi_12 > .wpb_wrapper{\r\n\t\t\t\t    width: auto;\r\n\t\t\t\t    height: auto;\r\n\t\t\t\t}\n<\/style><div class=\"wpb_wrapper\"><div class=\"wpb_wrapper td_block_empty_space td_block_wrap vc_empty_space tdi_14 \"  style=\"height: 32px\"><\/div>[vc_raw_js]JTNDaWZyYW1lJTIwb25tb3VzZXdoZWVsJTNEJTIyJTIyJTIwZnJhbWVib3JkZXIlM0QlMjIwJTIyJTIwc2Nyb2xsaW5nJTNEJTIybm8lMjIlMjBzdHlsZSUzRCUyMmJvcmRlci13aWR0aCUzQTAlM0IlMjIlMjBpZCUzRCUyMnRsLXRpbWVsaW5lLWlmcmFtZSUyMiUyMHdpZHRoJTNEJTIyMTA2OCUyMiUyMGhlaWdodCUzRCUyMjQ4MCUyMiUyMHNyYyUzRCUyMmh0dHBzJTNBJTJGJTJGd3d3LnRpa2ktdG9raS5jb20lMkZ0aW1lbGluZSUyRmVtYmVkJTJGMTEwNDAlMkYzNjgwOTA1ODA5JTJGJTIyJTNFJTNDJTJGaWZyYW1lJTNFJTBBJTNDc2NyaXB0JTIwdHlwZSUzRCUyMnRleHQlMkZqYXZhc2NyaXB0JTIyJTNFJTBBaWYlMjAlMjh3aW5kb3cucG9zdE1lc3NhZ2UlMjklMjAlN0IlMEF2YXIlMjB0bE1vdXNldXBGdW5jJTIwJTNEJTIwZnVuY3Rpb24lMjglMjklMjAlN0IlMEF2YXIlMjB0bEZyYW1lJTIwJTNEJTIwZG9jdW1lbnQuZ2V0RWxlbWVudEJ5SWQlMjglMjJ0bC10aW1lbGluZS1pZnJhbWUlMjIlMjklM0IlMEFpZiUyMCUyOHRsRnJhbWUuY29udGVudFdpbmRvdyUyMCUyNiUyNiUyMHRsRnJhbWUuY29udGVudFdpbmRvdy5wb3N0TWVzc2FnZSUyOSUyMCU3QiUwQXRsRnJhbWUuY29udGVudFdpbmRvdy5wb3N0TWVzc2FnZSUyOCUyMm1vdXNldXAlMjIlMkMlMjIlMkElMjIlMjklM0IlMEElN0QlMEElN0QlMEFpZiUyMCUyOHR5cGVvZiUyMHdpbmRvdy5hZGRFdmVudExpc3RlbmVyJTIwJTIxJTNEJTIwJTIydW5kZWZpbmVkJTIyJTI5JTIwJTdCJTBBd2luZG93LmFkZEV2ZW50TGlzdGVuZXIlMjglMjJtb3VzZXVwJTIyJTJDJTIwdGxNb3VzZXVwRnVuYyUyQyUyMGZhbHNlJTI5JTNCJTBBJTdEJTBBZWxzZSUyMGlmJTIwJTI4dHlwZW9mJTIwd2luZG93LmF0dGFjaEV2ZW50JTIwJTIxJTNEJTIwJTIydW5kZWZpbmVkJTIyJTI5JTIwJTdCJTBBd2luZG93LmF0dGFjaEV2ZW50JTI4JTIyb25tb3VzZXVwJTIyJTJDJTIwdGxNb3VzZXVwRnVuYyUyOSUzQiUwQSU3RCUwQSU3RCUwQSUzQyUyRnNjcmlwdCUzRQ==[\/vc_raw_js]<div class=\"vc_row_inner tdi_16  vc_row vc_inner wpb_row td-pb-row\" >\n<style scoped>\n\n\/* custom css *\/\n.tdi_16{\r\n                    position: relative !important;\r\n                    top: 0;\r\n                    transform: none;\r\n                    -webkit-transform: none;\r\n                }.tdi_16,\r\n\t\t\t\t.tdi_16 .tdc-inner-columns{\r\n\t\t\t\t    display: block;\r\n\t\t\t\t}.tdi_16 .tdc-inner-columns{\r\n\t\t\t\t    width: 100%;\r\n\t\t\t\t}\n<\/style><div class=\"vc_column_inner tdi_18  wpb_column vc_column_container tdc-inner-column td-pb-span3\">\n<style scoped>\n\n\/* custom css *\/\n.tdi_18{\r\n                    vertical-align: baseline;\r\n                }.tdi_18 .vc_column-inner > .wpb_wrapper,\r\n\t\t\t\t.tdi_18 .vc_column-inner > .wpb_wrapper .tdc-elements{\r\n\t\t\t\t    display: block;\r\n\t\t\t\t}.tdi_18 .vc_column-inner > .wpb_wrapper .tdc-elements{\r\n\t\t\t\t    width: 100%;\r\n\t\t\t\t}\n<\/style><div class=\"vc_column-inner\"><div class=\"wpb_wrapper\"><\/div><\/div><\/div><div class=\"vc_column_inner tdi_20  wpb_column vc_column_container tdc-inner-column td-pb-span6\">\n<style scoped>\n\n\/* custom css *\/\n.tdi_20{\r\n                    vertical-align: baseline;\r\n                }.tdi_20 .vc_column-inner > .wpb_wrapper,\r\n\t\t\t\t.tdi_20 .vc_column-inner > .wpb_wrapper .tdc-elements{\r\n\t\t\t\t    display: block;\r\n\t\t\t\t}.tdi_20 .vc_column-inner > .wpb_wrapper .tdc-elements{\r\n\t\t\t\t    width: 100%;\r\n\t\t\t\t}\n<\/style><div class=\"vc_column-inner\"><div class=\"wpb_wrapper\">[ucaddon_uc_link_hover_effects_set_seven text=\u00a0\u00bbVoir la Timeline en plein \u00e9cran\u00a0\u00bb _link=\u00a0\u00bbhttp:\/\/www.tiki-toki.com\/timeline\/entry\/11040\/Ciao-Bella\/\u00a0\u00bb tab=\u00a0\u00bb_blank\u00a0\u00bb uc_fonts_data=\u00a0\u00bbJTdCJTIydGV4dCUyMiUzQSU3QiUyMmZvbnQtd2VpZ2h0JTIyJTNBJTIyMjAwJTIyJTJDJTIyZm9udC1zaXplJTIyJTNBJTIyMTJweCUyMiU3RCU3RA==\u00a0\u00bb]<\/div><\/div><\/div><div class=\"vc_column_inner tdi_22  wpb_column vc_column_container tdc-inner-column td-pb-span3\">\n<style scoped>\n\n\/* custom css *\/\n.tdi_22{\r\n                    vertical-align: baseline;\r\n                }.tdi_22 .vc_column-inner > .wpb_wrapper,\r\n\t\t\t\t.tdi_22 .vc_column-inner > .wpb_wrapper .tdc-elements{\r\n\t\t\t\t    display: block;\r\n\t\t\t\t}.tdi_22 .vc_column-inner > .wpb_wrapper .tdc-elements{\r\n\t\t\t\t    width: 100%;\r\n\t\t\t\t}\n<\/style><div class=\"vc_column-inner\"><div class=\"wpb_wrapper\"><\/div><\/div><\/div><\/div><div class=\"wpb_wrapper td_block_empty_space td_block_wrap vc_empty_space tdi_24 \"  style=\"height: 100px\"><\/div><\/div><\/div><\/div><\/div><div id=\"tdi_25\" class=\"tdc-row\"><div class=\"vc_row tdi_26  wpb_row td-pb-row\" >\n<style scoped>\n\n\/* custom css *\/\n.tdi_26,\r\n                .tdi_26 .tdc-columns{\r\n                    min-height: 0;\r\n                }.tdi_26,\r\n\t\t\t\t.tdi_26 .tdc-columns{\r\n\t\t\t\t    display: block;\r\n\t\t\t\t}.tdi_26 .tdc-columns{\r\n\t\t\t\t    width: 100%;\r\n\t\t\t\t}\n<\/style><div class=\"vc_column tdi_28  wpb_column vc_column_container tdc-column td-pb-span12\">\n<style scoped>\n\n\/* custom css *\/\n.tdi_28{\r\n                    vertical-align: baseline;\r\n                }.tdi_28 > .wpb_wrapper,\r\n\t\t\t\t.tdi_28 > .wpb_wrapper > .tdc-elements{\r\n\t\t\t\t    display: block;\r\n\t\t\t\t}.tdi_28 > .wpb_wrapper > .tdc-elements{\r\n\t\t\t\t    width: 100%;\r\n\t\t\t\t}.tdi_28 > .wpb_wrapper > .vc_row_inner{\r\n\t\t\t\t    width: auto;\r\n\t\t\t\t}.tdi_28 > .wpb_wrapper{\r\n\t\t\t\t    width: auto;\r\n\t\t\t\t    height: auto;\r\n\t\t\t\t}\n<\/style><div class=\"wpb_wrapper\"><div class=\"wpb_wrapper td_block_empty_space td_block_wrap vc_empty_space tdi_30 \"  style=\"height: 100px\"><\/div>[ucaddon_side_border_title text=\u00a0\u00bbPOUR SUIVRE ROSE\u00a0\u00bb bg_clr=\u00a0\u00bb#e13689&Prime; uc_fonts_data=\u00a0\u00bbJTdCJTIydGV4dCUyMiUzQSU3QiUyMmZvbnQtd2VpZ2h0JTIyJTNBJTIyMTAwJTIyJTJDJTIyZm9udC1zaXplJTIyJTNBJTIyMTZweCUyMiUyQyUyMmNvbG9yJTIyJTNBJTIyJTIzNTY2NDczJTIyJTdEJTdE\u00a0\u00bb]<div class=\"vc_row_inner tdi_32  vc_row vc_inner wpb_row td-pb-row\" >\n<style scoped>\n\n\/* custom css *\/\n.tdi_32{\r\n                    position: relative !important;\r\n                    top: 0;\r\n                    transform: none;\r\n                    -webkit-transform: none;\r\n                }.tdi_32,\r\n\t\t\t\t.tdi_32 .tdc-inner-columns{\r\n\t\t\t\t    display: block;\r\n\t\t\t\t}.tdi_32 .tdc-inner-columns{\r\n\t\t\t\t    width: 100%;\r\n\t\t\t\t}\n<\/style><div class=\"vc_column_inner tdi_34  wpb_column vc_column_container tdc-inner-column td-pb-span4\">\n<style scoped>\n\n\/* custom css *\/\n.tdi_34{\r\n                    vertical-align: baseline;\r\n                }.tdi_34 .vc_column-inner > .wpb_wrapper,\r\n\t\t\t\t.tdi_34 .vc_column-inner > .wpb_wrapper .tdc-elements{\r\n\t\t\t\t    display: block;\r\n\t\t\t\t}.tdi_34 .vc_column-inner > .wpb_wrapper .tdc-elements{\r\n\t\t\t\t    width: 100%;\r\n\t\t\t\t}\n<\/style><div class=\"vc_column-inner\"><div class=\"wpb_wrapper\"><div class=\"wpb_wrapper td_block_empty_space td_block_wrap vc_empty_space tdi_36 \"  style=\"height: 32px\"><\/div>[ucaddon_uc_classic_round_social_icons size=\u00a0\u00bb40&Prime; icon_size=\u00a0\u00bb15&Prime; uc_items_data=\u00a0\u00bbJTVCJTdCJTIydGl0bGUlMjIlM0ElMjJmYSUyMGZhLWZhY2Vib29rJTIyJTJDJTIycHJpbWFyeV9jb2xvciUyMiUzQSUyMiUyM2UxMzY4OSUyMiUyQyUyMmxpbmslMjIlM0ElMjJodHRwcyUzQSUyRiUyRnd3dy5mYWNlYm9vay5jb20lMkZSb3NlT2ZmaWNpZWwlMjIlMkMlMjJ0YWIlMjIlM0ElMjJfYmxhbmslMjIlMkMlMjJiZ19jbHIlMjIlM0ElMjIlMjNmZmZmZmYlMjIlMkMlMjJpY29uX2NvbG9yX2hvdmVyJTIyJTNBJTIyJTIzZGVmYzA0JTIyJTdEJTJDJTdCJTIydGl0bGUlMjIlM0ElMjJmYSUyMGZhLXR3aXR0ZXIlMjIlMkMlMjJwcmltYXJ5X2NvbG9yJTIyJTNBJTIyJTIzZTEzNjg5JTIyJTJDJTIybGluayUyMiUzQSUyMmh0dHBzJTNBJTJGJTJGdHdpdHRlci5jb20lMkZyb3Nla2VyZW4lMjIlMkMlMjJ0YWIlMjIlM0ElMjJfYmxhbmslMjIlMkMlMjJiZ19jbHIlMjIlM0ElMjIlMjNmZmZmZmYlMjIlMkMlMjJpY29uX2NvbG9yX2hvdmVyJTIyJTNBJTIyJTIzZGVmYzA0JTIyJTdEJTJDJTdCJTIydGl0bGUlMjIlM0ElMjJmYSUyMGZhLWluc3RhZ3JhbSUyMiUyQyUyMnByaW1hcnlfY29sb3IlMjIlM0ElMjIlMjNlMTM2ODklMjIlMkMlMjJsaW5rJTIyJTNBJTIyaHR0cHMlM0ElMkYlMkZ3d3cuaW5zdGFncmFtLmNvbSUyRnJvc2VrZXJlbiUyRiUyMiUyQyUyMnRhYiUyMiUzQSUyMl9ibGFuayUyMiUyQyUyMmJnX2NsciUyMiUzQSUyMiUyM2ZmZmZmZiUyMiUyQyUyMmljb25fY29sb3JfaG92ZXIlMjIlM0ElMjIlMjNkZWZjMDQlMjIlN0QlMkMlN0IlMjJ0aXRsZSUyMiUzQSUyMmZhJTIwZmEteW91dHViZS1wbGF5JTIyJTJDJTIycHJpbWFyeV9jb2xvciUyMiUzQSUyMiUyM2UxMzY4OSUyMiUyQyUyMmxpbmslMjIlM0ElMjJodHRwcyUzQSUyRiUyRnd3dy55b3V0dWJlLmNvbSUyRnJvc2UlMjIlMkMlMjJ0YWJfdW5pdGVfc2VsZWN0ZWRfdGV4dCUyMiUzQSUyMlllcyUyMiUyQyUyMnRhYiUyMiUzQSUyMl9ibGFuayUyMiUyQyUyMmJnX2NsciUyMiUzQSUyMiUyM2ZmZmZmZiUyMiUyQyUyMmljb25fY29sb3JfaG92ZXIlMjIlM0ElMjIlMjNkZWZjMDQlMjIlN0QlNUQ=\u00a0\u00bb]<div class=\"wpb_wrapper td_block_empty_space td_block_wrap vc_empty_space tdi_38 \"  style=\"height: 100px\"><\/div><\/div><\/div><\/div><div class=\"vc_column_inner tdi_40  wpb_column vc_column_container tdc-inner-column td-pb-span4\">\n<style scoped>\n\n\/* custom css *\/\n.tdi_40{\r\n                    vertical-align: baseline;\r\n                }.tdi_40 .vc_column-inner > .wpb_wrapper,\r\n\t\t\t\t.tdi_40 .vc_column-inner > .wpb_wrapper .tdc-elements{\r\n\t\t\t\t    display: block;\r\n\t\t\t\t}.tdi_40 .vc_column-inner > .wpb_wrapper .tdc-elements{\r\n\t\t\t\t    width: 100%;\r\n\t\t\t\t}\n<\/style><div class=\"vc_column-inner\"><div class=\"wpb_wrapper\"><div class=\"wpb_wrapper td_block_empty_space td_block_wrap vc_empty_space tdi_42 \"  style=\"height: 32px\"><\/div>[ucaddon_uc_link_hover_effects_set_seven text=\u00a0\u00bbRose &#8211; Le Blog\u00a0\u00bb _link=\u00a0\u00bbhttps:\/\/rose-leblog.fr\u00a0\u00bb tab=\u00a0\u00bb_blank\u00a0\u00bb uc_fonts_data=\u00a0\u00bbJTdCJTIydGV4dCUyMiUzQSU3QiUyMmZvbnQtc2l6ZSUyMiUzQSUyMjE0cHglMjIlN0QlN0Q=\u00a0\u00bb]<div class=\"wpb_wrapper td_block_empty_space td_block_wrap vc_empty_space tdi_44 \"  style=\"height: 100px\"><\/div><\/div><\/div><\/div><div class=\"vc_column_inner tdi_46  wpb_column vc_column_container tdc-inner-column td-pb-span4\">\n<style scoped>\n\n\/* custom css *\/\n.tdi_46{\r\n                    vertical-align: baseline;\r\n                }.tdi_46 .vc_column-inner > .wpb_wrapper,\r\n\t\t\t\t.tdi_46 .vc_column-inner > .wpb_wrapper .tdc-elements{\r\n\t\t\t\t    display: block;\r\n\t\t\t\t}.tdi_46 .vc_column-inner > .wpb_wrapper .tdc-elements{\r\n\t\t\t\t    width: 100%;\r\n\t\t\t\t}\n<\/style><div class=\"vc_column-inner\"><div class=\"wpb_wrapper\"><div class=\"wpb_wrapper td_block_empty_space td_block_wrap vc_empty_space tdi_48 \"  style=\"height: 32px\"><\/div>[ucaddon_uc_link_hover_effects_set_seven text=\u00a0\u00bbRose &#8211; Le Site\u00a0\u00bb _link=\u00a0\u00bbhttps:\/\/rose-lesite.fr\u00a0\u00bb tab=\u00a0\u00bb_blank\u00a0\u00bb uc_fonts_data=\u00a0\u00bbJTdCJTIydGV4dCUyMiUzQSU3QiUyMmZvbnQtc2l6ZSUyMiUzQSUyMjE0cHglMjIlN0QlN0Q=\u00a0\u00bb]<div class=\"wpb_wrapper td_block_empty_space td_block_wrap vc_empty_space tdi_50 \"  style=\"height: 100px\"><\/div><\/div><\/div><\/div><\/div><\/div><\/div><\/div><\/div>","protected":false},"excerpt":{"rendered":"[ucaddon_side_border_title text=\"INFORMATION\" bg_color=\"\" bg_clr=\"#e13689\" uc_fonts_data=\"JTdCJTIydGV4dCUyMiUzQSU3QiUyMmZvbnQtd2VpZ2h0JTIyJTNBJTIyMTAwJTIyJTJDJTIyZm9udC1zaXplJTIyJTNBJTIyMTZweCUyMiUyQyUyMmNvbG9yJTIyJTNBJTIyJTIzNTY2NDczJTIyJTdEJTdE\"][vc_wp_text]Update du 20\/08\/2022 Rose sort son second livre \"Les montagnes roses\", avec plein d'actualit\u00e9s associ\u00e9es. Rendez-vous ICI ou LA pour suivre tout cela ! Ici ce n'est plus tr\u00e8s \u00e0 jour, mais pouvez toujours vous replonger dans la d\u00e9cennie pr\u00e9c\u00e9dente ;-) ----- Nous avions entrepris un \"simple\" relooking du site, mais [...]","protected":false},"author":5,"featured_media":0,"parent":0,"menu_order":0,"comment_status":"open","ping_status":"closed","template":"","meta":[],"_links":{"self":[{"href":"http:\/\/www.ciaobella.fr\/site\/wp-json\/wp\/v2\/pages\/8402"}],"collection":[{"href":"http:\/\/www.ciaobella.fr\/site\/wp-json\/wp\/v2\/pages"}],"about":[{"href":"http:\/\/www.ciaobella.fr\/site\/wp-json\/wp\/v2\/types\/page"}],"author":[{"embeddable":true,"href":"http:\/\/www.ciaobella.fr\/site\/wp-json\/wp\/v2\/users\/5"}],"replies":[{"embeddable":true,"href":"http:\/\/www.ciaobella.fr\/site\/wp-json\/wp\/v2\/comments?post=8402"}],"version-history":[{"count":230,"href":"http:\/\/www.ciaobella.fr\/site\/wp-json\/wp\/v2\/pages\/8402\/revisions"}],"predecessor-version":[{"id":13036,"href":"http:\/\/www.ciaobella.fr\/site\/wp-json\/wp\/v2\/pages\/8402\/revisions\/13036"}],"wp:attachment":[{"href":"http:\/\/www.ciaobella.fr\/site\/wp-json\/wp\/v2\/media?parent=8402"}],"curies":[{"name":"wp","href":"https:\/\/api.w.org\/{rel}","templated":true}]}}