{"id":711,"date":"2011-11-29T22:09:10","date_gmt":"2011-11-29T22:09:10","guid":{"rendered":"http:\/\/www.ciaobella.fr\/site\/?page_id=711"},"modified":"2015-09-02T16:05:30","modified_gmt":"2015-09-02T14:05:30","slug":"collectors","status":"publish","type":"page","link":"http:\/\/www.ciaobella.fr\/site\/collectors\/","title":{"rendered":"Collectors"},"content":{"rendered":"<div id=\"sous-menu-pages\"><a href=\"http:\/\/www.ciaobella.fr\/site\/discographie\/\">Albums<\/a> | <a href=\"http:\/\/www.ciaobella.fr\/site\/collectors\/\">Collectors<\/a> | <a href=\"http:\/\/www.ciaobella.fr\/site\/collaborations\/\">Collaborations<\/a><\/div>\n<table>\n<tbody>\n<tr>\n<td valign=\"center\">\n<h2 align=\"center\">Je compte<\/h2>\n<\/td>\n<td valign=\"center\">\n<h2 align=\"center\">Pour \u00eatre deux<\/h2>\n<\/td>\n<td valign=\"center\">\n<h2 align=\"center\"><\/h2>\n<\/td>\n<td valign=\"center\">\n<h2 align=\"center\"><\/h2>\n<\/td>\n<\/tr>\n<tr>\n<td><a href=\"http:\/\/www.ciaobella.fr\/site\/wp-content\/uploads\/2015\/03\/jecompte_cover.jpg\"><img loading=\"lazy\" src=\"http:\/\/www.ciaobella.fr\/site\/wp-content\/uploads\/2015\/03\/jecompte_cover.jpg\" alt=\"\" width=\"200\" height=\"200\" \/><\/a><\/td>\n<td><a href=\"http:\/\/www.ciaobella.fr\/site\/wp-content\/uploads\/2011\/11\/Rose_PourEtreDeux_1000.jpg\"><img loading=\"lazy\" src=\"http:\/\/www.ciaobella.fr\/site\/wp-content\/uploads\/2011\/11\/Rose_PourEtreDeux_1000.jpg\" alt=\"\" width=\"200\" height=\"200\" \/><\/td>\n<td><\/td>\n<\/tr>\n<tr>\n<td>\n<div align=\"center\"><em>Single promo<\/em><br \/>\n\u00bb <a href=\"http:\/\/www.ciaobella.fr\/site\/wp-content\/uploads\/2011\/11\/verso_Jecompte_rose.jpg\">Voir le verso<\/a><\/div>\n<\/td>\n<td>\n<div align=\"center\"><<em>Single promo<\/em><br \/>\n\u00bb <a href=\"http:\/\/www.ciaobella.fr\/site\/wp-content\/uploads\/2011\/11\/verso_Jecompte_rose.jpg\">Voir le verso<\/a><\/div>\n<\/td>\n<td>\n<div align=\"center\"><\/div>\n<\/td>\n<\/tr>\n<\/tbody>\n<\/table>\n<table>\n<tbody>\n<tr>\n<td valign=\"center\">\n<h2 align=\"center\">Aux \u00e9clats je ris<\/h2>\n<\/td>\n<td valign=\"center\">\n<h2 align=\"center\">Mais \u00e7a va<\/h2>\n<\/td>\n<td valign=\"center\">\n<h2 align=\"center\">Et puis juin<\/h2>\n<\/td>\n<\/tr>\n<tr>\n<td><a href=\"http:\/\/www.ciaobella.fr\/site\/wp-content\/uploads\/2013\/12\/auxeclatsjeris.jpg\"><img loading=\"lazy\" src=\"http:\/\/www.ciaobella.fr\/site\/wp-content\/uploads\/2013\/12\/auxeclatsjeris.jpg\" alt=\"\" width=\"200\" height=\"200\" \/><\/a><\/td>\n<td><a href=\"http:\/\/www.ciaobella.fr\/site\/wp-content\/uploads\/2013\/05\/maiscava_pochette.jpg\"><img loading=\"lazy\" src=\"http:\/\/www.ciaobella.fr\/site\/wp-content\/uploads\/2013\/05\/maiscava_pochette.jpg\" alt=\"\" width=\"200\" height=\"200\" \/><\/a><\/td>\n<td><a href=\"http:\/\/www.ciaobella.fr\/site\/wp-content\/uploads\/2012\/09\/rose_et_puis_juin1.jpg\"><img loading=\"lazy\" src=\"http:\/\/www.ciaobella.fr\/site\/wp-content\/uploads\/2012\/09\/rose_et_puis_juin1.jpg\" alt=\"\" width=\"200\" height=\"200\" \/><\/a><\/td>\n<\/tr>\n<tr>\n<td>\n<div align=\"center\"><em>Single promo<br \/>\n<\/em><\/div>\n<\/td>\n<td>\n<div align=\"center\"><em>Single promo<\/em>\n<\/div>\n<\/td>\n<td>\n<div align=\"center\"><em>Single promo<\/em><\/div>\n<\/td>\n<\/tr>\n<\/tbody>\n<\/table>\n<table>\n<tbody>\n<tr>\n<td valign=\"center\">\n<h2 align=\"center\">Comment c&rsquo;\u00e9tait d\u00e9j\u00e0<\/h2>\n<\/td>\n<td valign=\"center\">\n<h2 align=\"center\">Yes We did<\/h2>\n<\/td>\n<td valign=\"center\">\n<h2 align=\"center\">Sombre con<\/h2>\n<\/td>\n<\/tr>\n<tr>\n<td><img loading=\"lazy\" src=\"http:\/\/www.ciaobella.fr\/site\/wp-content\/uploads\/2011\/11\/comment_c_etait_deja.jpg\" alt=\"\" width=\"200\" height=\"200\" \/><\/td>\n<td><img loading=\"lazy\" src=\"http:\/\/www.ciaobella.fr\/site\/wp-content\/uploads\/2011\/11\/yeswedid.jpg\" alt=\"\" width=\"200\" height=\"200\" \/><\/td>\n<td><img loading=\"lazy\" src=\"http:\/\/www.ciaobella.fr\/site\/wp-content\/uploads\/2011\/11\/sombreconrecto.jpg\" alt=\"\" width=\"200\" height=\"200\" \/><\/td>\n<\/tr>\n<tr>\n<td>\n<div align=\"center\"><em>Single promo<br \/>\n<\/em><\/div>\n<\/td>\n<td>\n<div align=\"center\"><em>Single promo<\/em><br \/>\n\u00bb <a href=\"http:\/\/www.ciaobella.fr\/site\/wp-content\/uploads\/2011\/11\/yes_we_did_verso_200.jpg\">Voir le verso<\/a><\/div>\n<\/td>\n<td>\n<div align=\"center\"><em>Single promo<br \/>\n<\/em>\u00bb <a href=\"http:\/\/www.ciaobella.fr\/site\/wp-content\/uploads\/2011\/11\/sombreconverso.jpg\">Voir le verso<\/a><\/div>\n<\/td>\n<\/tr>\n<\/tbody>\n<\/table>\n<table>\n<tbody>\n<tr>\n<td valign=\"center\">\n<h2 align=\"center\">Ciao Bella<\/h2>\n<\/td>\n<td valign=\"center\">\n<h2 align=\"center\">La liste<\/h2>\n<\/td>\n<td valign=\"center\">\n<h2 align=\"center\">Rose<\/h2>\n<\/td>\n<\/tr>\n<tr>\n<td><img loading=\"lazy\" src=\"http:\/\/www.ciaobella.fr\/site\/wp-content\/uploads\/2011\/11\/ciaobellarecto.jpg\" alt=\"\" width=\"200\" height=\"200\" \/><\/td>\n<td><img loading=\"lazy\" src=\"http:\/\/www.ciaobella.fr\/site\/wp-content\/uploads\/2011\/11\/lalisterecto.jpg\" alt=\"\" width=\"200\" height=\"200\" \/><\/td>\n<td><img loading=\"lazy\" src=\"http:\/\/www.ciaobella.fr\/site\/wp-content\/uploads\/2011\/11\/album5Trecto.jpg\" alt=\"\" width=\"200\" height=\"200\" \/><\/td>\n<\/tr>\n<tr>\n<td>\n<div align=\"center\"><em>Single promo<br \/>\n<\/em>\u00bb <a href=\"http:\/\/www.ciaobella.fr\/site\/wp-content\/uploads\/2011\/11\/ciaobellaverso.jpg\">Voir le verso<\/a> <em><br \/>\n<\/em><\/div>\n<\/td>\n<td>\n<div align=\"center\"><em>Single promo<br \/>\n<\/em>\u00bb <a href=\"http:\/\/www.ciaobella.fr\/site\/wp-content\/uploads\/2011\/11\/lalisteverso.jpg\">Voir le verso<\/a><\/div>\n<\/td>\n<td>\n<div align=\"center\"><em>Sampler album<br \/>\n<\/em>\u00bb <a href=\"http:\/\/www.ciaobella.fr\/site\/wp-content\/uploads\/2011\/11\/album5Tverso.jpg\">Voir le verso<\/a><\/div>\n<\/td>\n<\/tr>\n<\/tbody>\n<\/table>\n","protected":false},"excerpt":{"rendered":"<p>Albums | Collectors | Collaborations Je compte Pour \u00eatre deux Single promo \u00bb Voir le verso<\/p>\n","protected":false},"author":2,"featured_media":6260,"parent":0,"menu_order":0,"comment_status":"closed","ping_status":"closed","template":"","meta":[],"_links":{"self":[{"href":"http:\/\/www.ciaobella.fr\/site\/wp-json\/wp\/v2\/pages\/711"}],"collection":[{"href":"http:\/\/www.ciaobella.fr\/site\/wp-json\/wp\/v2\/pages"}],"about":[{"href":"http:\/\/www.ciaobella.fr\/site\/wp-json\/wp\/v2\/types\/page"}],"author":[{"embeddable":true,"href":"http:\/\/www.ciaobella.fr\/site\/wp-json\/wp\/v2\/users\/2"}],"replies":[{"embeddable":true,"href":"http:\/\/www.ciaobella.fr\/site\/wp-json\/wp\/v2\/comments?post=711"}],"version-history":[{"count":18,"href":"http:\/\/www.ciaobella.fr\/site\/wp-json\/wp\/v2\/pages\/711\/revisions"}],"predecessor-version":[{"id":7176,"href":"http:\/\/www.ciaobella.fr\/site\/wp-json\/wp\/v2\/pages\/711\/revisions\/7176"}],"wp:featuredmedia":[{"embeddable":true,"href":"http:\/\/www.ciaobella.fr\/site\/wp-json\/wp\/v2\/media\/6260"}],"wp:attachment":[{"href":"http:\/\/www.ciaobella.fr\/site\/wp-json\/wp\/v2\/media?parent=711"}],"curies":[{"name":"wp","href":"https:\/\/api.w.org\/{rel}","templated":true}]}}