{"id":6310,"date":"2015-05-13T16:05:59","date_gmt":"2015-05-13T14:05:59","guid":{"rendered":"http:\/\/www.ciaobella.fr\/site\/?page_id=6310"},"modified":"2019-09-16T18:47:06","modified_gmt":"2019-09-16T17:47:06","slug":"biographie-2013","status":"publish","type":"page","link":"http:\/\/www.ciaobella.fr\/site\/biographie-2013\/","title":{"rendered":"Biographie Et puis juin (2013)"},"content":{"rendered":"<div id=\"tdi_1\" class=\"tdc-row\"><div class=\"vc_row tdi_2  wpb_row td-pb-row\" >\n<style scoped>\n\n\/* custom css *\/\n.tdi_2,\r\n                .tdi_2 .tdc-columns{\r\n                    min-height: 0;\r\n                }.tdi_2,\r\n\t\t\t\t.tdi_2 .tdc-columns{\r\n\t\t\t\t    display: block;\r\n\t\t\t\t}.tdi_2 .tdc-columns{\r\n\t\t\t\t    width: 100%;\r\n\t\t\t\t}\n<\/style><div class=\"vc_column tdi_4  wpb_column vc_column_container tdc-column td-pb-span12\">\n<style scoped>\n\n\/* custom css *\/\n.tdi_4{\r\n                    vertical-align: baseline;\r\n                }.tdi_4 > .wpb_wrapper,\r\n\t\t\t\t.tdi_4 > .wpb_wrapper > .tdc-elements{\r\n\t\t\t\t    display: block;\r\n\t\t\t\t}.tdi_4 > .wpb_wrapper > .tdc-elements{\r\n\t\t\t\t    width: 100%;\r\n\t\t\t\t}.tdi_4 > .wpb_wrapper > .vc_row_inner{\r\n\t\t\t\t    width: auto;\r\n\t\t\t\t}.tdi_4 > .wpb_wrapper{\r\n\t\t\t\t    width: auto;\r\n\t\t\t\t    height: auto;\r\n\t\t\t\t}\n<\/style><div class=\"wpb_wrapper\">[vc_column_text]<div id=\"mega-menu-wrap-max_mega_menu_2\" class=\"mega-menu-wrap\"><div class=\"mega-menu-toggle\"><div class=\"mega-toggle-blocks-left\"><\/div><div class=\"mega-toggle-blocks-center\"><\/div><div class=\"mega-toggle-blocks-right\"><div class='mega-toggle-block mega-menu-toggle-block mega-toggle-block-1' id='mega-toggle-block-1' tabindex='0'><span class='mega-toggle-label' role='button' aria-expanded='false'><span class='mega-toggle-label-closed'>MENU<\/span><span class='mega-toggle-label-open'>MENU<\/span><\/span><\/div><\/div><\/div><ul id=\"mega-menu-max_mega_menu_2\" class=\"mega-menu max-mega-menu mega-menu-horizontal mega-no-js\" data-event=\"hover_intent\" data-effect=\"fade_up\" data-effect-speed=\"200\" data-effect-mobile=\"disabled\" data-effect-speed-mobile=\"0\" data-mobile-force-width=\"false\" data-second-click=\"go\" data-document-click=\"collapse\" data-vertical-behaviour=\"standard\" data-breakpoint=\"600\" data-unbind=\"true\" data-mobile-state=\"collapse_all\" data-hover-intent-timeout=\"300\" data-hover-intent-interval=\"100\"><li class='mega-menu-item mega-menu-item-type-post_type mega-menu-item-object-page mega-align-bottom-left mega-menu-flyout mega-menu-item-first mega-menu-item-12205' id='mega-menu-item-12205'><a class=\"mega-menu-link\" href=\"http:\/\/www.ciaobella.fr\/site\/biographie\/\" tabindex=\"0\">KEROSENE<\/a><\/li><li class='mega-menu-item mega-menu-item-type-post_type mega-menu-item-object-page mega-align-bottom-left mega-menu-flyout mega-menu-item-12209' id='mega-menu-item-12209'><a class=\"mega-menu-link\" href=\"http:\/\/www.ciaobella.fr\/site\/biographie-2015\/\" tabindex=\"0\">PINK LADY<\/a><\/li><li class='mega-menu-item mega-menu-item-type-post_type mega-menu-item-object-page mega-align-bottom-left mega-menu-flyout mega-menu-item-12206' id='mega-menu-item-12206'><a class=\"mega-menu-link\" href=\"http:\/\/www.ciaobella.fr\/site\/biographie-2013\/\" tabindex=\"0\">ET PUIS JUIN<\/a><\/li><li class='mega-menu-item mega-menu-item-type-post_type mega-menu-item-object-page mega-align-bottom-left mega-menu-flyout mega-menu-item-12208' id='mega-menu-item-12208'><a class=\"mega-menu-link\" href=\"http:\/\/www.ciaobella.fr\/site\/biographie-2009\/\" tabindex=\"0\">LES SOUVENIRS SOUS MA FRANGE<\/a><\/li><li class='mega-menu-item mega-menu-item-type-post_type mega-menu-item-object-page mega-align-bottom-left mega-menu-flyout mega-menu-item-12210' id='mega-menu-item-12210'><a class=\"mega-menu-link\" href=\"http:\/\/www.ciaobella.fr\/site\/biographie-2006\/\" tabindex=\"0\">ROSE<\/a><\/li><li class='mega-menu-item mega-menu-item-type-post_type mega-menu-item-object-page mega-align-bottom-left mega-menu-flyout mega-menu-item-12146' id='mega-menu-item-12146'><a class=\"mega-menu-link\" href=\"http:\/\/www.ciaobella.fr\/site\/biographie-infos\/\" tabindex=\"0\">PLUS D'INFOS<\/a><\/li><\/ul><\/div>[\/vc_column_text]<div class=\"wpb_wrapper td_block_empty_space td_block_wrap vc_empty_space tdi_6 \"  style=\"height: 32px\"><\/div><\/div><\/div><\/div><\/div><div id=\"tdi_7\" class=\"tdc-row\"><div class=\"vc_row tdi_8  wpb_row td-pb-row\" >\n<style scoped>\n\n\/* custom css *\/\n.tdi_8,\r\n                .tdi_8 .tdc-columns{\r\n                    min-height: 0;\r\n                }.tdi_8,\r\n\t\t\t\t.tdi_8 .tdc-columns{\r\n\t\t\t\t    display: block;\r\n\t\t\t\t}.tdi_8 .tdc-columns{\r\n\t\t\t\t    width: 100%;\r\n\t\t\t\t}\n<\/style><div class=\"vc_column tdi_10  wpb_column vc_column_container tdc-column td-pb-span12\">\n<style scoped>\n\n\/* custom css *\/\n.tdi_10{\r\n                    vertical-align: baseline;\r\n                }.tdi_10 > .wpb_wrapper,\r\n\t\t\t\t.tdi_10 > .wpb_wrapper > .tdc-elements{\r\n\t\t\t\t    display: block;\r\n\t\t\t\t}.tdi_10 > .wpb_wrapper > .tdc-elements{\r\n\t\t\t\t    width: 100%;\r\n\t\t\t\t}.tdi_10 > .wpb_wrapper > .vc_row_inner{\r\n\t\t\t\t    width: auto;\r\n\t\t\t\t}.tdi_10 > .wpb_wrapper{\r\n\t\t\t\t    width: auto;\r\n\t\t\t\t    height: auto;\r\n\t\t\t\t}\n<\/style><div class=\"wpb_wrapper\">[ucaddon_side_border_title text=\u00a0\u00bbET PUIS JUIN (2013)\u00a0\u00bb bg_clr=\u00a0\u00bb#e13689&Prime; uc_fonts_data=\u00a0\u00bbJTdCJTdE\u00a0\u00bb]<div class=\"wpb_wrapper td_block_empty_space td_block_wrap vc_empty_space tdi_12 \"  style=\"height: 32px\"><\/div>[vc_column_text]\r\n<p style=\"text-align: justify;\">Rose, cette voix rocailleuse qui chante comme d\u2019autres savent aimer, qui chante la vie, les sanglots, les rires qui durent, les matins tourment\u00e9s et les nuits r\u00e9volues. Rose, elle chante les heures qui passent. Les miennes, les siennes et toutes les v\u00f4tres.<\/p>\r\n<p style=\"text-align: justify;\">De son premier album \u00e9crit sous le coup d\u2019une rupture douloureuse et d\u2019un retour \u00e0 la vie, de ses chansons l\u00e9g\u00e8res comme \u00ab <strong>La liste<\/strong> \u00bb cet inventaire \u00e0 la Pr\u00e9vert, m\u00eal\u00e9es \u00e0 celles plus mordantes, souvenez vous de la superbe \u00ab <strong>Ciao Bella<\/strong> \u00bb , nous retenons un univers bien \u00e0 elle, un m\u00e9lange de chanson fran\u00e7aise aux intonations folk, de nombreux \u00ab tubes \u00bb et cette nouvelle \u00ab petite \u00bb chanteuse qui mettait un pied dans la cour des grands.<\/p>\r\n<p style=\"text-align: justify;\">Elle aime \u00e7a chanter, \u00eatre sur sc\u00e8ne, danser, chanter encore. Elle aime le public, parcourir la France \u00e0 bord de son bus qui abrite les nuits de tourn\u00e9es, les r\u00eaves capiteux des sortir de gala, les volutes de ses musiciens et la fatigue des techniciens. Elle s\u2019engouffre dans cet univers masculin sans se d\u00e9lester pourtant de cette fragilit\u00e9 exacerb\u00e9e, de ses \u00e9motions de femme, de ses envies \u00e0 elle, rien qu\u2019\u00e0 elle et de ses peurs qui la d\u00e9vorent.<\/p>\r\n<p style=\"text-align: justify;\">Elle apprend la notori\u00e9t\u00e9, s\u2019en fout mais l\u2019adore pourtant. Rose est une contradiction, un bordel adorable. Ses textes lui ressemblent, ce qu\u2019elle ne sait pas dire, elle le chante.<\/p>\r\n<p style=\"text-align: justify;\">Apr\u00e8s une autre rupture qui ressemble toujours \u00e0 la pr\u00e9c\u00e9dente, elle rentre en studio. Nous sommes en septembre, Rose, la fille de l\u2019automne pose sa voix sur ses textes plus d\u00e9chir\u00e9s que ceux du premier. Cet album comme un aveu d\u2019une vie qui ne lui suffit pas se d\u00e9marque du pr\u00e9c\u00e9dent. Toujours cette voix mais pas la m\u00eame chanteuse. Elle grandit Rose. Elle traverse les temp\u00eates et les emporte avec elle en studio. Elle attend l\u2019accalmie mais en attendant elle chante et repart sur les routes \u00e9grener les salles de provinces qui ne se vident jamais. Elle ne respire plus, elle est en apn\u00e9e, elle attend l\u2019accalmie ou elle esp\u00e8re la br\u00fblure d\u2019une passion, elle m\u00eame ne sait pas. Ind\u00e9cise.<\/p>\r\n<p style=\"text-align: justify;\">Les heures passent, avec elles les jours et les mois. Rose se rel\u00e8ve, regarde le monde, regarde m\u00eame tout pr\u00e8s d\u2019elle. Elle trouve l\u2019amour, le vrai, celui qui rassure, celui qui nous dit que tout ira bien. Elle lutte un instant puis elle y croit. Elle se laisse faire. Elle enlace son homme qui lui r\u00e9pond plus doucement encore. Il tiendra toutes ses promesses et Rose deviendra maman. Le troisi\u00e8me album est en marche. Tout change, tout se transforme, tout devient normal dans le d\u00e9sordre des choses. Rose chante l\u2019acceptation. Elle est vivante. Donc elle aime, elle pleure aussi mais elle vivante.<\/p>\r\n<p style=\"text-align: justify;\">Elle rentre en studio, toujours \u00e0 l\u2019automne. Elle a \u00e9crit et compos\u00e9 chacun des titres de cet album. Elle assume et ose. Revendique m\u00eame. \u00ab Et puis Juin \u00bb, est grave et pourtant l\u00e9ger. Il raconte une femme parmi tant d\u2019autres. Il la raconte, elle qui nous chante. Rose accepte sa vie de m\u00e8re et d\u2019\u00e9pouse autant qu\u2019elle tol\u00e8re les d\u00e9mons qui l\u2019habitent toujours. Elle se conna\u00eet aujourd\u2019hui, elle bataille encore mais non plus contre des moulins \u00e0 vents. Ses plus beaux assauts comme ses plus doux r\u00e9pits cohabitent d\u00e9sormais. Rose devient femme et c\u2019est naturellement qu\u2019elle prend la plume et la guitare. Elle a donc \u00e9crit chacun des mots de cet album, chacune de ses notes ou presque\u2026 Elle a compos\u00e9 \u00ab <strong>Je me manque<\/strong> \u00bb avec Loane, Loane dont les m\u00e9lodies poignantes m\u00ealent intelligemment des sonorit\u00e9s d\u2019hier \u00e0 la Fran\u00e7oise Hardy, ou V\u00e9ronique Samson \u00e0 celles de la pop actuelle. S\u00e9verin participe, lui, \u00e0 l\u2019\u00e9criture de la musique du titre \u00ab <strong>Et puis juin<\/strong> \u00bb, et lui offre la p\u00e9tillante \u00ab <strong>Mon homme<\/strong> \u00bb. S\u00e9verin ou le Daho des ann\u00e9es 2010, l\u2019homme de l\u2019ombre de Cam\u00e9lia Jordana, Liza Manili, ou de Cl\u00e9a Vincent, pour qui il sera tant\u00f4t r\u00e9alisateur, tant\u00f4t compositeur, tant\u00f4t les deux.<\/p>\r\n<p style=\"text-align: justify;\">Ces collaborations d\u00e9montrent Sa volont\u00e9 farouche de rester proche de ses racines, \u00e0 savoir la chanson fran\u00e7aise. Rose n\u2019a rien pris aux autres, elle se donne, elle, enti\u00e8rement et c\u2019est superbe.<\/p>\r\n<p style=\"text-align: justify;\">Cet opus \u00e9clectique lui ressemble, il ne rentre pas dans les cases.<\/p>\r\n<p style=\"text-align: justify;\">Certains morceaux ont un fatalisme et une po\u00e9sie \u00e0 la Souchon, comme \u00ab <strong>Aux \u00e9clats je ris<\/strong> \u00bb, (\u00ab\u00a0\u2026<em>On a la vie jolie, \u00e7a s\u2019fait pas de l\u2019ouvrir, c\u2019est vraiment pas poli\u2026<\/em>\u00ab\u00a0) ou \u00ab <strong>Jamais Paris de me laisse<\/strong> \u00bb (\u00ab\u00a0<em>\u2026Son absence et ses abysses, les ab\u00eemes des abbesses\u2026<\/em>\u00ab\u00a0) , alors que d\u2019autres, \u00ab <strong>Comme si c\u2019\u00e9tait demain<\/strong> \u00bb ou \u00ab <strong>Les pieds dans le bonheur<\/strong> \u00bb ont la sinc\u00e9rit\u00e9 d\u00e9chirante de Renaud, (\u00ab\u00a0<em>La fille de tout \u00e0 l\u2019heure, moi aussi elle me fait peur, mais t\u2019sais quoi ? Elle n\u2019en fait qu\u2019\u00e0 son c\u0153ur<\/em>\u00a0\u00bb , ou encore, parlant du bonheur, \u00ab\u00a0<em>il me ferait presque aimer les dimanches<\/em>\u00ab\u00a0).<\/p>\r\n<p style=\"text-align: justify;\">Elle s\u2019inspire de ceux qu\u2019elle aime mais personne ne l\u2019influence.<\/p>\r\n<p style=\"text-align: justify;\">Je pourrais tenter de vous raconter Rose davantage. Il faudrait que je vous dise, en catimini, l\u2019acharn\u00e9e qu\u2019elle est. Je vous raconterais la musique qui sonne diff\u00e9remment quand c\u2019est elle qui l\u2019accompagne, quand c\u2019est elle qui la chante et qui la danse. Il faudrait que vous sachiez son parcours qui ne ressemble \u00e0 aucun autre. Aucune concession. Elle ne l\u00e2che rien et n\u2019abandonne jamais. Il faudrait que vous sachiez aussi sa d\u00e9mesure, de celle qui fait les grands artistes, \u00e0 la marge toujours. Elle cherche, t\u00e2tonne, pi\u00e9tine, elle trouve enfin et nous donne \u00ab\u00a0<strong>Je me manque<\/strong>\u00ab\u00a0, puis elle tr\u00e9buche se rel\u00e8ve et nous livre \u00ab\u00a0<strong>Mais \u00e7a va<\/strong>\u00ab\u00a0, qu\u2019elle \u00e9crit d\u2019une ligne. Toutes ces petites histoires banales rassembl\u00e9es racontent l\u2019histoire semblable \u00e0 tant d\u2019autres et pourtant gigantesque de cet album p\u00e9pite. J\u2019essayerais mais les mots me manqueraient. En v\u00e9rit\u00e9 il faudrait que vous l\u2019\u00e9coutiez avant que je puisse vous dire.<\/p>\r\n<p style=\"text-align: justify;\">Pauline Delpech<\/p>\r\n[\/vc_column_text]<\/div><\/div><\/div><\/div>","protected":false},"excerpt":{"rendered":"[vc_column_text]MENUMENUKEROSENEPINK LADYET PUIS JUINLES SOUVENIRS SOUS MA FRANGEROSEPLUS D'INFOS[\/vc_column_text] [ucaddon_side_border_title text=\"ET PUIS JUIN (2013)\" bg_clr=\"#e13689\" uc_fonts_data=\"JTdCJTdE\"][vc_column_text] Rose, cette voix rocailleuse qui chante comme d\u2019autres savent aimer, qui chante la vie, les sanglots, les rires qui durent, les matins tourment\u00e9s et les nuits r\u00e9volues. Rose, elle chante les heures qui passent. Les miennes, les siennes et [...]","protected":false},"author":2,"featured_media":3065,"parent":0,"menu_order":0,"comment_status":"open","ping_status":"open","template":"","meta":[],"_links":{"self":[{"href":"http:\/\/www.ciaobella.fr\/site\/wp-json\/wp\/v2\/pages\/6310"}],"collection":[{"href":"http:\/\/www.ciaobella.fr\/site\/wp-json\/wp\/v2\/pages"}],"about":[{"href":"http:\/\/www.ciaobella.fr\/site\/wp-json\/wp\/v2\/types\/page"}],"author":[{"embeddable":true,"href":"http:\/\/www.ciaobella.fr\/site\/wp-json\/wp\/v2\/users\/2"}],"replies":[{"embeddable":true,"href":"http:\/\/www.ciaobella.fr\/site\/wp-json\/wp\/v2\/comments?post=6310"}],"version-history":[{"count":10,"href":"http:\/\/www.ciaobella.fr\/site\/wp-json\/wp\/v2\/pages\/6310\/revisions"}],"predecessor-version":[{"id":12456,"href":"http:\/\/www.ciaobella.fr\/site\/wp-json\/wp\/v2\/pages\/6310\/revisions\/12456"}],"wp:featuredmedia":[{"embeddable":true,"href":"http:\/\/www.ciaobella.fr\/site\/wp-json\/wp\/v2\/media\/3065"}],"wp:attachment":[{"href":"http:\/\/www.ciaobella.fr\/site\/wp-json\/wp\/v2\/media?parent=6310"}],"curies":[{"name":"wp","href":"https:\/\/api.w.org\/{rel}","templated":true}]}}