{"id":6009,"date":"2014-06-08T09:40:34","date_gmt":"2014-06-08T07:40:34","guid":{"rendered":"http:\/\/www.ciaobella.fr\/site\/?page_id=6009"},"modified":"2014-06-08T09:40:34","modified_gmt":"2014-06-08T07:40:34","slug":"et-puis-le-film-de-la-tournee","status":"publish","type":"page","link":"http:\/\/www.ciaobella.fr\/site\/et-puis-le-film-de-la-tournee\/","title":{"rendered":"Et Puis Le Film De La Tournee"},"content":{"rendered":"<p style=\"text-align:center;\"><img loading=\"lazy\" src=\"http:\/\/www.ciaobella.fr\/site\/wp-content\/uploads\/2014\/06\/NoteIntention_EPLFDLT.jpg\" alt=\"NoteIntention_EPLFDLT\" width=\"600\" height=\"600\" class=\"alignleft size-full wp-image-5992\" srcset=\"http:\/\/www.ciaobella.fr\/site\/wp-content\/uploads\/2014\/06\/NoteIntention_EPLFDLT.jpg 600w, http:\/\/www.ciaobella.fr\/site\/wp-content\/uploads\/2014\/06\/NoteIntention_EPLFDLT-150x150.jpg 150w, http:\/\/www.ciaobella.fr\/site\/wp-content\/uploads\/2014\/06\/NoteIntention_EPLFDLT-300x300.jpg 300w\" sizes=\"(max-width: 600px) 100vw, 600px\" \/><\/p>\n<h2>#EPLFDLT<\/h2>\n<p style=\"text-align:center;\"><iframe loading=\"lazy\" width=\"900\" height=\"506\" src=\"\/\/www.youtube.com\/embed\/nz8A_qd0qes\" frameborder=\"0\" allowfullscreen><\/iframe><\/p>\n<h2>Un grand merci \u00e0<\/h2>\n<p><strong>Rose<\/strong> pour sa confiance, pour nous avoir ouvert les portes des coulisses, et avoir cru en ce projet bricol\u00e9<br \/>\n<strong>J\u00e9r\u00f4me Plasseraud, Mathieu Coupat, Matthieu Gayout, Edouard Marie, Raphael Seguinier, Sylvain Joasson, Fr\u00e9d\u00e9ric Jaffre<\/strong> pour s&rsquo;\u00eatre pr\u00eat\u00e9s au jeu avec bonne humeur et humour<br \/>\n<strong>Jean-Philippe Aigoin, Olivier Moret, J\u00e9r\u00f4me Blondel, Marc Vong, Erwan Champign\u00e9, Emmanuel Martin et toute l&rsquo;\u00e9quipe de la Sall&rsquo;In<\/strong> (Cabourg), <strong>du Centre Culturel E. Desouches<\/strong> (Luc\u00e9) &#038; <strong>de la salle Pierre Mend\u00e8s France<\/strong> (Nogent-le-Rotrou) pour leur pr\u00e9cieuse aide logistique<br \/>\n<strong>Johanna Bisac<\/strong> pour ses conseils avis\u00e9s diurnes<br \/>\n<strong>Sophie Ruell\u00e9<\/strong> pour ses pr\u00e9cieuses remarques nocturnes, ainsi que ses excellents teasers que malheureusement personne ne verra <a href=\"https:\/\/www.youtube.com\/watch?v=SuFxEQUoH88\" target=\"_blank\">jamais<\/a>.<br \/>\n<strong>G\u00e9raldine Bramonte<\/strong> pour l&rsquo;initiation AE, les astuces diverses et la r\u00e9alisation des visuels<br \/>\n<strong>Anna\u00efck Forel<\/strong> pour le pr\u00eat de son 40mm<br \/>\n<strong>Tous les initiateurs et participants<\/strong> des surprises de Cabourg<br \/>\n<strong>Tous les CB&rsquo;s followers<\/strong> pour leur soutien moral durant toutes ces semaines de montage<\/p>\n<p>Et <strong>Noellie Renucci<\/strong> pour cet excellent dessin qui r\u00e9sume bien notre \u00e9tat apr\u00e8s ces quelques <del datetime=\"2014-06-03T12:13:34+00:00\">semaines<\/del> mois de montage \ud83d\ude09<\/p>\n<p style=\"text-align:center;\"><img loading=\"lazy\" src=\"http:\/\/www.ciaobella.fr\/site\/wp-content\/uploads\/2014\/06\/EPLFDLT_Noellie-600x496.jpg\" alt=\"EPLFDLT_Noellie\" width=\"600\" height=\"496\" class=\"alignleft size-large wp-image-5977\" srcset=\"http:\/\/www.ciaobella.fr\/site\/wp-content\/uploads\/2014\/06\/EPLFDLT_Noellie-600x496.jpg 600w, http:\/\/www.ciaobella.fr\/site\/wp-content\/uploads\/2014\/06\/EPLFDLT_Noellie-300x248.jpg 300w, http:\/\/www.ciaobella.fr\/site\/wp-content\/uploads\/2014\/06\/EPLFDLT_Noellie.jpg 1024w\" sizes=\"(max-width: 600px) 100vw, 600px\" \/><\/p>\n<h2>Notre \u00ab\u00a0pourquoi du comment\u00a0\u00bb<\/h2>\n<blockquote><p>On en a vu des concerts de Rose.<br \/>\nDe salles combles en festivals, des concerts acoustiques, parfois en trio, parfois en groupe, chacun avec ses surprises et son \u00e9motion particuli\u00e8re.<br \/>\nTous diff\u00e9rents avec juste ce qu&rsquo;il faut pour ne pas s&rsquo;en lasser, et garder toujours le plaisir de revenir.<br \/>\nUn plaisir qui s&rsquo;est encore accentu\u00e9 sur cette tourn\u00e9e.<br \/>\nParce que ce \u00ab\u00a0truc en plus\u00a0\u00bb qui s&rsquo;est impos\u00e9 d\u00e8s la premi\u00e8re date \u00e0 Lille.<br \/>\nQui a perdur\u00e9 au fil des concerts, nous donnant l&rsquo;envie de garder une trace.<br \/>\nUne envie un peu timide, un projet un peu fou, qui s&rsquo;est affirm\u00e9 de date en date.<br \/>\nJusqu&rsquo;\u00e0 ce qu&rsquo;\u00e0 le faire vraiment, avec les moyens du bord.<br \/>\nJusqu&rsquo;\u00e0 embarquer l&rsquo;artiste dans l&rsquo;aventure.<\/p>\n<p>On gardera un souvenir particuli\u00e8rement \u00e9mu de cette tourn\u00e9e, que nous avons fini par vivre de l&rsquo;int\u00e9rieur.<br \/>\nL&rsquo;immersion backstage sur les derni\u00e8res dates fut une exp\u00e9rience dingue, et ce d&rsquo;autant plus apr\u00e8s toutes ces ann\u00e9es \u00e0 suivre l&rsquo;histoire.<\/p>\n<p>Cela n&rsquo;a pas \u00e9t\u00e9 facile de venir \u00e0 bout de ce projet. On y a laiss\u00e9 quelques nuits de sommeil, mais nous sommes fiers d&rsquo;\u00eatre arriv\u00e9s \u00e0 ce r\u00e9sultat, que l&rsquo;on esp\u00e8re \u00e0 la hauteur de vos attentes, pour les quelques uns qui en ont suivi l&rsquo;\u00e9laboration et que l&rsquo;on remercie \u00e0 nouveau pour leur pr\u00e9cieux soutien moral.<br \/>\nEn tout cas ce qu&rsquo;on en retient, c&rsquo;est que loin de l&rsquo;overdose (de l&rsquo;exercice et du mono-sujet en question), on a surtout l&rsquo;envie de le refaire pour la suite !<\/p>\n<p>Et au-del\u00e0 de tout \u00e7a, ce chapitre que l&rsquo;on referme ici aura marqu\u00e9 une nouvelle \u00e9tape dans la vie de ce site : il devient de plus en plus participatif, et c&rsquo;est beau.<\/p>\n<p>L&rsquo;underground s&rsquo;estompe, les liens se tissent.<\/p>\n<p>CB&rsquo;s team<\/p><\/blockquote>\n","protected":false},"excerpt":{"rendered":"<p>#EPLFDLT Un grand merci \u00e0 Rose pour sa confiance, pour nous avoir ouvert les portes des coulisses, et avoir cru en ce projet bricol\u00e9 J\u00e9r\u00f4me Plasseraud, Mathieu Coupat, Matthieu Gayout, Edouard Marie, Raphael Seguinier, Sylvain Joasson, Fr\u00e9d\u00e9ric Jaffre pour s&rsquo;\u00eatre pr\u00eat\u00e9s au jeu avec bonne humeur et humour Jean-Philippe Aigoin, Olivier Moret, J\u00e9r\u00f4me Blondel, Marc [&hellip;]<\/p>\n","protected":false},"author":2,"featured_media":5984,"parent":0,"menu_order":0,"comment_status":"open","ping_status":"open","template":"EPLFDLT.php","meta":[],"_links":{"self":[{"href":"http:\/\/www.ciaobella.fr\/site\/wp-json\/wp\/v2\/pages\/6009"}],"collection":[{"href":"http:\/\/www.ciaobella.fr\/site\/wp-json\/wp\/v2\/pages"}],"about":[{"href":"http:\/\/www.ciaobella.fr\/site\/wp-json\/wp\/v2\/types\/page"}],"author":[{"embeddable":true,"href":"http:\/\/www.ciaobella.fr\/site\/wp-json\/wp\/v2\/users\/2"}],"replies":[{"embeddable":true,"href":"http:\/\/www.ciaobella.fr\/site\/wp-json\/wp\/v2\/comments?post=6009"}],"version-history":[{"count":4,"href":"http:\/\/www.ciaobella.fr\/site\/wp-json\/wp\/v2\/pages\/6009\/revisions"}],"predecessor-version":[{"id":6013,"href":"http:\/\/www.ciaobella.fr\/site\/wp-json\/wp\/v2\/pages\/6009\/revisions\/6013"}],"wp:featuredmedia":[{"embeddable":true,"href":"http:\/\/www.ciaobella.fr\/site\/wp-json\/wp\/v2\/media\/5984"}],"wp:attachment":[{"href":"http:\/\/www.ciaobella.fr\/site\/wp-json\/wp\/v2\/media?parent=6009"}],"curies":[{"name":"wp","href":"https:\/\/api.w.org\/{rel}","templated":true}]}}