{"id":29,"date":"2011-11-13T12:28:25","date_gmt":"2011-11-13T12:28:25","guid":{"rendered":"http:\/\/www.ciaobella.fr\/site\/?page_id=29"},"modified":"2019-09-16T18:44:01","modified_gmt":"2019-09-16T17:44:01","slug":"biographie-2006","status":"publish","type":"page","link":"http:\/\/www.ciaobella.fr\/site\/biographie-2006\/","title":{"rendered":"Biographie Rose (2006)"},"content":{"rendered":"<div id=\"tdi_1\" class=\"tdc-row\"><div class=\"vc_row tdi_2  wpb_row td-pb-row\" >\n<style scoped>\n\n\/* custom css *\/\n.tdi_2,\r\n                .tdi_2 .tdc-columns{\r\n                    min-height: 0;\r\n                }.tdi_2,\r\n\t\t\t\t.tdi_2 .tdc-columns{\r\n\t\t\t\t    display: block;\r\n\t\t\t\t}.tdi_2 .tdc-columns{\r\n\t\t\t\t    width: 100%;\r\n\t\t\t\t}\n<\/style><div class=\"vc_column tdi_4  wpb_column vc_column_container tdc-column td-pb-span12\">\n<style scoped>\n\n\/* custom css *\/\n.tdi_4{\r\n                    vertical-align: baseline;\r\n                }.tdi_4 > .wpb_wrapper,\r\n\t\t\t\t.tdi_4 > .wpb_wrapper > .tdc-elements{\r\n\t\t\t\t    display: block;\r\n\t\t\t\t}.tdi_4 > .wpb_wrapper > .tdc-elements{\r\n\t\t\t\t    width: 100%;\r\n\t\t\t\t}.tdi_4 > .wpb_wrapper > .vc_row_inner{\r\n\t\t\t\t    width: auto;\r\n\t\t\t\t}.tdi_4 > .wpb_wrapper{\r\n\t\t\t\t    width: auto;\r\n\t\t\t\t    height: auto;\r\n\t\t\t\t}\n<\/style><div class=\"wpb_wrapper\">[vc_column_text]<div id=\"mega-menu-wrap-max_mega_menu_2\" class=\"mega-menu-wrap\"><div class=\"mega-menu-toggle\"><div class=\"mega-toggle-blocks-left\"><\/div><div class=\"mega-toggle-blocks-center\"><\/div><div class=\"mega-toggle-blocks-right\"><div class='mega-toggle-block mega-menu-toggle-block mega-toggle-block-1' id='mega-toggle-block-1' tabindex='0'><span class='mega-toggle-label' role='button' aria-expanded='false'><span class='mega-toggle-label-closed'>MENU<\/span><span class='mega-toggle-label-open'>MENU<\/span><\/span><\/div><\/div><\/div><ul id=\"mega-menu-max_mega_menu_2\" class=\"mega-menu max-mega-menu mega-menu-horizontal mega-no-js\" data-event=\"hover_intent\" data-effect=\"fade_up\" data-effect-speed=\"200\" data-effect-mobile=\"disabled\" data-effect-speed-mobile=\"0\" data-mobile-force-width=\"false\" data-second-click=\"go\" data-document-click=\"collapse\" data-vertical-behaviour=\"standard\" data-breakpoint=\"600\" data-unbind=\"true\" data-mobile-state=\"collapse_all\" data-hover-intent-timeout=\"300\" data-hover-intent-interval=\"100\"><li class='mega-menu-item mega-menu-item-type-post_type mega-menu-item-object-page mega-align-bottom-left mega-menu-flyout mega-menu-item-first mega-menu-item-12205' id='mega-menu-item-12205'><a class=\"mega-menu-link\" href=\"http:\/\/www.ciaobella.fr\/site\/biographie\/\" tabindex=\"0\">KEROSENE<\/a><\/li><li class='mega-menu-item mega-menu-item-type-post_type mega-menu-item-object-page mega-align-bottom-left mega-menu-flyout mega-menu-item-12209' id='mega-menu-item-12209'><a class=\"mega-menu-link\" href=\"http:\/\/www.ciaobella.fr\/site\/biographie-2015\/\" tabindex=\"0\">PINK LADY<\/a><\/li><li class='mega-menu-item mega-menu-item-type-post_type mega-menu-item-object-page mega-align-bottom-left mega-menu-flyout mega-menu-item-12206' id='mega-menu-item-12206'><a class=\"mega-menu-link\" href=\"http:\/\/www.ciaobella.fr\/site\/biographie-2013\/\" tabindex=\"0\">ET PUIS JUIN<\/a><\/li><li class='mega-menu-item mega-menu-item-type-post_type mega-menu-item-object-page mega-align-bottom-left mega-menu-flyout mega-menu-item-12208' id='mega-menu-item-12208'><a class=\"mega-menu-link\" href=\"http:\/\/www.ciaobella.fr\/site\/biographie-2009\/\" tabindex=\"0\">LES SOUVENIRS SOUS MA FRANGE<\/a><\/li><li class='mega-menu-item mega-menu-item-type-post_type mega-menu-item-object-page mega-align-bottom-left mega-menu-flyout mega-menu-item-12210' id='mega-menu-item-12210'><a class=\"mega-menu-link\" href=\"http:\/\/www.ciaobella.fr\/site\/biographie-2006\/\" tabindex=\"0\">ROSE<\/a><\/li><li class='mega-menu-item mega-menu-item-type-post_type mega-menu-item-object-page mega-align-bottom-left mega-menu-flyout mega-menu-item-12146' id='mega-menu-item-12146'><a class=\"mega-menu-link\" href=\"http:\/\/www.ciaobella.fr\/site\/biographie-infos\/\" tabindex=\"0\">PLUS D'INFOS<\/a><\/li><\/ul><\/div>[\/vc_column_text]<div class=\"wpb_wrapper td_block_empty_space td_block_wrap vc_empty_space tdi_6 \"  style=\"height: 32px\"><\/div><\/div><\/div><\/div><\/div><div id=\"tdi_7\" class=\"tdc-row\"><div class=\"vc_row tdi_8  wpb_row td-pb-row\" >\n<style scoped>\n\n\/* custom css *\/\n.tdi_8,\r\n                .tdi_8 .tdc-columns{\r\n                    min-height: 0;\r\n                }.tdi_8,\r\n\t\t\t\t.tdi_8 .tdc-columns{\r\n\t\t\t\t    display: block;\r\n\t\t\t\t}.tdi_8 .tdc-columns{\r\n\t\t\t\t    width: 100%;\r\n\t\t\t\t}\n<\/style><div class=\"vc_column tdi_10  wpb_column vc_column_container tdc-column td-pb-span12\">\n<style scoped>\n\n\/* custom css *\/\n.tdi_10{\r\n                    vertical-align: baseline;\r\n                }.tdi_10 > .wpb_wrapper,\r\n\t\t\t\t.tdi_10 > .wpb_wrapper > .tdc-elements{\r\n\t\t\t\t    display: block;\r\n\t\t\t\t}.tdi_10 > .wpb_wrapper > .tdc-elements{\r\n\t\t\t\t    width: 100%;\r\n\t\t\t\t}.tdi_10 > .wpb_wrapper > .vc_row_inner{\r\n\t\t\t\t    width: auto;\r\n\t\t\t\t}.tdi_10 > .wpb_wrapper{\r\n\t\t\t\t    width: auto;\r\n\t\t\t\t    height: auto;\r\n\t\t\t\t}\n<\/style><div class=\"wpb_wrapper\">[ucaddon_side_border_title text=\u00a0\u00bbROSE (2006)\u00a0\u00bb bg_clr=\u00a0\u00bb#e13689&Prime; uc_fonts_data=\u00a0\u00bbJTdCJTdE\u00a0\u00bb]<div class=\"wpb_wrapper td_block_empty_space td_block_wrap vc_empty_space tdi_12 \"  style=\"height: 32px\"><\/div>[vc_column_text]\r\n<p style=\"text-align: justify;\">Elle se pose l\u00e0, comme une \u00e9vidence, comme si elle avait toujours exist\u00e9.<\/p>\r\n<p style=\"text-align: justify;\">Rose a vingt huit ans. En a pass\u00e9 vingt sept et demi \u00e0 chercher sa voix et \u00e0 pr\u00e9sent, sur douze titres qui sonnent comme des po\u00e9sies, elle nous raconte des chansons, fredonne des histoires.<\/p>\r\n<p style=\"text-align: justify;\">\u00ab\u00a0Depuis toujours\u00a0\u00bb, aussi loin qu\u2019elle s\u2019en souvienne, elle \u00e9crit, sur de petits carnets Moleskine, et gratte des couplets qu\u2019elle pose ensuite sur sa guitare.<\/p>\r\n<p style=\"text-align: justify;\">Elle a su se faire attendre, la jolie ni\u00e7oise aux yeux bleu gris. Pas s\u00fbre d\u2019\u00eatre assez dou\u00e9e pour monter sur sc\u00e8ne, pas s\u00fbre non plus que sa simple estrade d\u2019institutrice lui suffirait, c\u2019est d\u2019une rupture que se lib\u00e8re le d\u00e9sir de faire partager ses mots. Rose nous parle d\u2019amour et de ses deux pendants, espoir et d\u00e9sillusion, avec une simplicit\u00e9 attachante.<\/p>\r\n<p style=\"text-align: justify;\">Un univers dr\u00f4le, grin\u00e7ant, obscur parfois. Fid\u00e8le au personnage, finalement. Rose aime Janis Joplin et Bob Dylan. De Janis, elle a la folie passag\u00e8re et le titre du film de Mark Rydell dont elle a fait son nom de sc\u00e8ne. De Bob, la po\u00e9sie, sur fond de guitare folk et d\u2019harmonica.<\/p>\r\n<p style=\"text-align: justify;\">Si Rose peut \u00e9crire des chansons, en quelques heures, et des rimes aussi belles et l\u00e9g\u00e8res que \u00ab\u00a0<em>Si je me brise aussi souvent pour une bise un mauvais vent<\/em>\u00ab\u00a0, c\u2019est tout sauf un hasard. Une histoire de moment, de maturation.<\/p>\r\n<p style=\"text-align: justify;\">Et le temps s\u2019acc\u00e9l\u00e8re. Souchon, s\u00e9duit par sa fra\u00eecheur et son \u00e9l\u00e9gance l\u2019a invit\u00e9e, elle, Martine (sa guitare), et ses bottes country, \u00e0 l\u2019Olympia pour une premi\u00e8re sc\u00e8ne, qui en annonce d\u2019autres, fameuses. On a connu des d\u00e9buts plus difficiles.<\/p>\r\n<p style=\"text-align: justify;\">Mais la jolie Rose semble avoir un ange gardien, celui qui <em>au-dessus de (son) front, tire les ficelles, de (ses) r\u00eaves<\/em>. S\u00fbr que l\u00e0 haut, <em>au-del\u00e0 des \u00e9toiles<\/em>, il est fier, son grand-p\u00e8re.<\/p>\r\n<p style=\"text-align: justify;\"><strong>Lionel Abbo<\/strong><\/p>\r\n[\/vc_column_text]<\/div><\/div><\/div><\/div>","protected":false},"excerpt":{"rendered":"[vc_column_text]MENUMENUKEROSENEPINK LADYET PUIS JUINLES SOUVENIRS SOUS MA FRANGEROSEPLUS D'INFOS[\/vc_column_text] [ucaddon_side_border_title text=\"ROSE (2006)\" bg_clr=\"#e13689\" uc_fonts_data=\"JTdCJTdE\"][vc_column_text] Elle se pose l\u00e0, comme une \u00e9vidence, comme si elle avait toujours exist\u00e9. Rose a vingt huit ans. En a pass\u00e9 vingt sept et demi \u00e0 chercher sa voix et \u00e0 pr\u00e9sent, sur douze titres qui sonnent comme des po\u00e9sies, elle [...]","protected":false},"author":2,"featured_media":688,"parent":0,"menu_order":0,"comment_status":"closed","ping_status":"closed","template":"","meta":[],"_links":{"self":[{"href":"http:\/\/www.ciaobella.fr\/site\/wp-json\/wp\/v2\/pages\/29"}],"collection":[{"href":"http:\/\/www.ciaobella.fr\/site\/wp-json\/wp\/v2\/pages"}],"about":[{"href":"http:\/\/www.ciaobella.fr\/site\/wp-json\/wp\/v2\/types\/page"}],"author":[{"embeddable":true,"href":"http:\/\/www.ciaobella.fr\/site\/wp-json\/wp\/v2\/users\/2"}],"replies":[{"embeddable":true,"href":"http:\/\/www.ciaobella.fr\/site\/wp-json\/wp\/v2\/comments?post=29"}],"version-history":[{"count":21,"href":"http:\/\/www.ciaobella.fr\/site\/wp-json\/wp\/v2\/pages\/29\/revisions"}],"predecessor-version":[{"id":12452,"href":"http:\/\/www.ciaobella.fr\/site\/wp-json\/wp\/v2\/pages\/29\/revisions\/12452"}],"wp:featuredmedia":[{"embeddable":true,"href":"http:\/\/www.ciaobella.fr\/site\/wp-json\/wp\/v2\/media\/688"}],"wp:attachment":[{"href":"http:\/\/www.ciaobella.fr\/site\/wp-json\/wp\/v2\/media?parent=29"}],"curies":[{"name":"wp","href":"https:\/\/api.w.org\/{rel}","templated":true}]}}