{"id":2707,"date":"2012-03-30T18:02:28","date_gmt":"2012-03-30T18:02:28","guid":{"rendered":"http:\/\/www.ciaobella.fr\/site\/?page_id=2707"},"modified":"2012-11-18T11:54:12","modified_gmt":"2012-11-18T11:54:12","slug":"historique-du-site","status":"publish","type":"page","link":"http:\/\/www.ciaobella.fr\/site\/historique-du-site\/","title":{"rendered":"Historique du site"},"content":{"rendered":"<p>CiaoBella.fr est parti d&rsquo;une id\u00e9e simple : regrouper les archives disponibles autour d&rsquo;une jeune artiste pour que les gens qui commencent \u00e0 s&rsquo;y int\u00e9resser aient tout au m\u00eame endroit en quelques clics. Nous \u00e9tions alors en septembre 2006.<br \/>\nEntre temps, la \u00ab\u00a0jeune artiste\u00a0\u00bb est devenue celle que vous connaissez et pour qui vous passez par ici aujourd&rsquo;hui, et nous sommes fiers de continuer \u00e0 accompagner sa carri\u00e8re 6 ans plus tard \ud83d\ude09<\/p>\n<p><img src=\"http:\/\/www.ciaobella.fr\/v2\/images\/puce.gif\" alt=\"\" \/> <strong>Version 1<\/strong> <em>(8 octobre 2006)<\/em><br \/>\n<a href=\"http:\/\/www.ciaobella.fr\/site\/wp-content\/uploads\/2012\/03\/ciao_bella_V1.jpg\"><img loading=\"lazy\" class=\"alignnone size-large wp-image-2710\" title=\"ciao_bella_V1\" src=\"http:\/\/www.ciaobella.fr\/site\/wp-content\/uploads\/2012\/03\/ciao_bella_V1-600x403.jpg\" alt=\"\" width=\"600\" height=\"403\" srcset=\"http:\/\/www.ciaobella.fr\/site\/wp-content\/uploads\/2012\/03\/ciao_bella_V1-600x403.jpg 600w, http:\/\/www.ciaobella.fr\/site\/wp-content\/uploads\/2012\/03\/ciao_bella_V1-300x201.jpg 300w, http:\/\/www.ciaobella.fr\/site\/wp-content\/uploads\/2012\/03\/ciao_bella_V1.jpg 974w\" sizes=\"(max-width: 600px) 100vw, 600px\" \/><\/a><br \/>\n\u00bb <a href=\"http:\/\/www.ciaobella.fr\/v1\/\" target=\"_blank\">Naviguer sur la V1<\/a><\/p>\n<p><img src=\"http:\/\/www.ciaobella.fr\/v2\/images\/puce.gif\" alt=\"\" \/> <strong>Version 2<\/strong> <em>(20 septembre 2009)<\/em><br \/>\n<a href=\"http:\/\/www.ciaobella.fr\/site\/wp-content\/uploads\/2012\/03\/ciao_bella_V2.jpg\"><img loading=\"lazy\" class=\"alignnone size-large wp-image-2712\" title=\"ciao_bella_V2\" src=\"http:\/\/www.ciaobella.fr\/site\/wp-content\/uploads\/2012\/03\/ciao_bella_V2-600x439.jpg\" alt=\"\" width=\"600\" height=\"439\" srcset=\"http:\/\/www.ciaobella.fr\/site\/wp-content\/uploads\/2012\/03\/ciao_bella_V2-600x439.jpg 600w, http:\/\/www.ciaobella.fr\/site\/wp-content\/uploads\/2012\/03\/ciao_bella_V2-300x219.jpg 300w, http:\/\/www.ciaobella.fr\/site\/wp-content\/uploads\/2012\/03\/ciao_bella_V2.jpg 1058w\" sizes=\"(max-width: 600px) 100vw, 600px\" \/><\/a><br \/>\n\u00bb <a href=\"http:\/\/www.ciaobella.fr\/v2\/\" target=\"_blank\">Naviguer sur la V2<\/a><br \/>\n\u00bb <a href=\"http:\/\/www.ciaobella.fr\/forum\/viewtopic.php?p=5312\" target=\"_blank\">On en parle sur le FORUM<\/a><\/p>\n<p><img src=\"http:\/\/www.ciaobella.fr\/v2\/images\/puce.gif\" alt=\"\" \/> <strong>Version 3<\/strong> <em>(31 mars 2012)<\/em><br \/>\n<a href=\"http:\/\/www.ciaobella.fr\/site\/wp-content\/uploads\/2012\/03\/ciao_bella_V3.jpg\"><img loading=\"lazy\" class=\"alignnone size-large wp-image-2714\" title=\"ciao_bella_V3\" src=\"http:\/\/www.ciaobella.fr\/site\/wp-content\/uploads\/2012\/03\/ciao_bella_V3-600x513.jpg\" alt=\"\" width=\"600\" height=\"513\" srcset=\"http:\/\/www.ciaobella.fr\/site\/wp-content\/uploads\/2012\/03\/ciao_bella_V3-600x513.jpg 600w, http:\/\/www.ciaobella.fr\/site\/wp-content\/uploads\/2012\/03\/ciao_bella_V3-300x256.jpg 300w, http:\/\/www.ciaobella.fr\/site\/wp-content\/uploads\/2012\/03\/ciao_bella_V3.jpg 900w\" sizes=\"(max-width: 600px) 100vw, 600px\" \/><\/a><br \/>\n\u00bb <a href=\"http:\/\/www.ciaobella.fr\/v2\/\" target=\"_blank\">Naviguer sur la V3<\/a> (= version actuelle du site ;))<\/p>\n","protected":false},"excerpt":{"rendered":"<p>CiaoBella.fr est parti d&rsquo;une id\u00e9e simple : regrouper les archives disponibles autour d&rsquo;une jeune artiste pour que les gens qui commencent \u00e0 s&rsquo;y int\u00e9resser aient tout au m\u00eame endroit en quelques clics. Nous \u00e9tions alors en septembre 2006. Entre temps, la \u00ab\u00a0jeune artiste\u00a0\u00bb est devenue celle que vous connaissez et pour qui vous passez par [&hellip;]<\/p>\n","protected":false},"author":2,"featured_media":0,"parent":0,"menu_order":0,"comment_status":"closed","ping_status":"closed","template":"","meta":[],"_links":{"self":[{"href":"http:\/\/www.ciaobella.fr\/site\/wp-json\/wp\/v2\/pages\/2707"}],"collection":[{"href":"http:\/\/www.ciaobella.fr\/site\/wp-json\/wp\/v2\/pages"}],"about":[{"href":"http:\/\/www.ciaobella.fr\/site\/wp-json\/wp\/v2\/types\/page"}],"author":[{"embeddable":true,"href":"http:\/\/www.ciaobella.fr\/site\/wp-json\/wp\/v2\/users\/2"}],"replies":[{"embeddable":true,"href":"http:\/\/www.ciaobella.fr\/site\/wp-json\/wp\/v2\/comments?post=2707"}],"version-history":[{"count":8,"href":"http:\/\/www.ciaobella.fr\/site\/wp-json\/wp\/v2\/pages\/2707\/revisions"}],"predecessor-version":[{"id":2981,"href":"http:\/\/www.ciaobella.fr\/site\/wp-json\/wp\/v2\/pages\/2707\/revisions\/2981"}],"wp:attachment":[{"href":"http:\/\/www.ciaobella.fr\/site\/wp-json\/wp\/v2\/media?parent=2707"}],"curies":[{"name":"wp","href":"https:\/\/api.w.org\/{rel}","templated":true}]}}