{"id":27,"date":"2011-11-13T12:26:55","date_gmt":"2011-11-13T12:26:55","guid":{"rendered":"http:\/\/www.ciaobella.fr\/site\/?page_id=27"},"modified":"2019-09-16T18:44:47","modified_gmt":"2019-09-16T17:44:47","slug":"biographie-2009","status":"publish","type":"page","link":"http:\/\/www.ciaobella.fr\/site\/biographie-2009\/","title":{"rendered":"Biographie Les souvenirs sous ma frange (2009)"},"content":{"rendered":"<div id=\"tdi_1\" class=\"tdc-row\"><div class=\"vc_row tdi_2  wpb_row td-pb-row\" >\n<style scoped>\n\n\/* custom css *\/\n.tdi_2,\r\n                .tdi_2 .tdc-columns{\r\n                    min-height: 0;\r\n                }.tdi_2,\r\n\t\t\t\t.tdi_2 .tdc-columns{\r\n\t\t\t\t    display: block;\r\n\t\t\t\t}.tdi_2 .tdc-columns{\r\n\t\t\t\t    width: 100%;\r\n\t\t\t\t}\n<\/style><div class=\"vc_column tdi_4  wpb_column vc_column_container tdc-column td-pb-span12\">\n<style scoped>\n\n\/* custom css *\/\n.tdi_4{\r\n                    vertical-align: baseline;\r\n                }.tdi_4 > .wpb_wrapper,\r\n\t\t\t\t.tdi_4 > .wpb_wrapper > .tdc-elements{\r\n\t\t\t\t    display: block;\r\n\t\t\t\t}.tdi_4 > .wpb_wrapper > .tdc-elements{\r\n\t\t\t\t    width: 100%;\r\n\t\t\t\t}.tdi_4 > .wpb_wrapper > .vc_row_inner{\r\n\t\t\t\t    width: auto;\r\n\t\t\t\t}.tdi_4 > .wpb_wrapper{\r\n\t\t\t\t    width: auto;\r\n\t\t\t\t    height: auto;\r\n\t\t\t\t}\n<\/style><div class=\"wpb_wrapper\">[vc_column_text]<div id=\"mega-menu-wrap-max_mega_menu_2\" class=\"mega-menu-wrap\"><div class=\"mega-menu-toggle\"><div class=\"mega-toggle-blocks-left\"><\/div><div class=\"mega-toggle-blocks-center\"><\/div><div class=\"mega-toggle-blocks-right\"><div class='mega-toggle-block mega-menu-toggle-block mega-toggle-block-1' id='mega-toggle-block-1' tabindex='0'><span class='mega-toggle-label' role='button' aria-expanded='false'><span class='mega-toggle-label-closed'>MENU<\/span><span class='mega-toggle-label-open'>MENU<\/span><\/span><\/div><\/div><\/div><ul id=\"mega-menu-max_mega_menu_2\" class=\"mega-menu max-mega-menu mega-menu-horizontal mega-no-js\" data-event=\"hover_intent\" data-effect=\"fade_up\" data-effect-speed=\"200\" data-effect-mobile=\"disabled\" data-effect-speed-mobile=\"0\" data-mobile-force-width=\"false\" data-second-click=\"go\" data-document-click=\"collapse\" data-vertical-behaviour=\"standard\" data-breakpoint=\"600\" data-unbind=\"true\" data-mobile-state=\"collapse_all\" data-hover-intent-timeout=\"300\" data-hover-intent-interval=\"100\"><li class='mega-menu-item mega-menu-item-type-post_type mega-menu-item-object-page mega-align-bottom-left mega-menu-flyout mega-menu-item-first mega-menu-item-12205' id='mega-menu-item-12205'><a class=\"mega-menu-link\" href=\"http:\/\/www.ciaobella.fr\/site\/biographie\/\" tabindex=\"0\">KEROSENE<\/a><\/li><li class='mega-menu-item mega-menu-item-type-post_type mega-menu-item-object-page mega-align-bottom-left mega-menu-flyout mega-menu-item-12209' id='mega-menu-item-12209'><a class=\"mega-menu-link\" href=\"http:\/\/www.ciaobella.fr\/site\/biographie-2015\/\" tabindex=\"0\">PINK LADY<\/a><\/li><li class='mega-menu-item mega-menu-item-type-post_type mega-menu-item-object-page mega-align-bottom-left mega-menu-flyout mega-menu-item-12206' id='mega-menu-item-12206'><a class=\"mega-menu-link\" href=\"http:\/\/www.ciaobella.fr\/site\/biographie-2013\/\" tabindex=\"0\">ET PUIS JUIN<\/a><\/li><li class='mega-menu-item mega-menu-item-type-post_type mega-menu-item-object-page mega-align-bottom-left mega-menu-flyout mega-menu-item-12208' id='mega-menu-item-12208'><a class=\"mega-menu-link\" href=\"http:\/\/www.ciaobella.fr\/site\/biographie-2009\/\" tabindex=\"0\">LES SOUVENIRS SOUS MA FRANGE<\/a><\/li><li class='mega-menu-item mega-menu-item-type-post_type mega-menu-item-object-page mega-align-bottom-left mega-menu-flyout mega-menu-item-12210' id='mega-menu-item-12210'><a class=\"mega-menu-link\" href=\"http:\/\/www.ciaobella.fr\/site\/biographie-2006\/\" tabindex=\"0\">ROSE<\/a><\/li><li class='mega-menu-item mega-menu-item-type-post_type mega-menu-item-object-page mega-align-bottom-left mega-menu-flyout mega-menu-item-12146' id='mega-menu-item-12146'><a class=\"mega-menu-link\" href=\"http:\/\/www.ciaobella.fr\/site\/biographie-infos\/\" tabindex=\"0\">PLUS D'INFOS<\/a><\/li><\/ul><\/div>[\/vc_column_text]<div class=\"wpb_wrapper td_block_empty_space td_block_wrap vc_empty_space tdi_6 \"  style=\"height: 32px\"><\/div><\/div><\/div><\/div><\/div><div id=\"tdi_7\" class=\"tdc-row\"><div class=\"vc_row tdi_8  wpb_row td-pb-row\" >\n<style scoped>\n\n\/* custom css *\/\n.tdi_8,\r\n                .tdi_8 .tdc-columns{\r\n                    min-height: 0;\r\n                }.tdi_8,\r\n\t\t\t\t.tdi_8 .tdc-columns{\r\n\t\t\t\t    display: block;\r\n\t\t\t\t}.tdi_8 .tdc-columns{\r\n\t\t\t\t    width: 100%;\r\n\t\t\t\t}\n<\/style><div class=\"vc_column tdi_10  wpb_column vc_column_container tdc-column td-pb-span12\">\n<style scoped>\n\n\/* custom css *\/\n.tdi_10{\r\n                    vertical-align: baseline;\r\n                }.tdi_10 > .wpb_wrapper,\r\n\t\t\t\t.tdi_10 > .wpb_wrapper > .tdc-elements{\r\n\t\t\t\t    display: block;\r\n\t\t\t\t}.tdi_10 > .wpb_wrapper > .tdc-elements{\r\n\t\t\t\t    width: 100%;\r\n\t\t\t\t}.tdi_10 > .wpb_wrapper > .vc_row_inner{\r\n\t\t\t\t    width: auto;\r\n\t\t\t\t}.tdi_10 > .wpb_wrapper{\r\n\t\t\t\t    width: auto;\r\n\t\t\t\t    height: auto;\r\n\t\t\t\t}\n<\/style><div class=\"wpb_wrapper\">[ucaddon_side_border_title text=\u00a0\u00bbLES SOUVENIRS SOUS MA FRANGE (2009)\u00a0\u00bb bg_clr=\u00a0\u00bb#e13689&Prime; uc_fonts_data=\u00a0\u00bbJTdCJTdE\u00a0\u00bb]<div class=\"wpb_wrapper td_block_empty_space td_block_wrap vc_empty_space tdi_12 \"  style=\"height: 32px\"><\/div>[vc_column_text]\r\n<p style=\"text-align: justify;\">Quand Rose m\u2019a demand\u00e9 d\u2019\u00e9crire sa bio, j\u2019ai \u00e9t\u00e9 flatt\u00e9 et puis j\u2019ai refus\u00e9.<\/p>\r\n<p style=\"text-align: justify;\">Parce que c\u2019est difficile d\u2019\u00e9crire sur une fille qui parle aussi bien d\u2019elle et de nous tous. J\u2019ai refus\u00e9 pour \u00e9viter de tenter la belle phrase et d\u2019\u00eatre rattrap\u00e9 et plaqu\u00e9 au sol par ses textes d\u2019une \u00e9vidence et d\u2019une pr\u00e9cision incroyable. Elle a cette audace du mot juste sans chercher l\u2019artifice.<\/p>\r\n<p style=\"text-align: justify;\">Et c\u2019est peut-\u00eatre pour \u00e7a, quand on l\u2019\u00e9coute on a parfois l\u2019impression de s\u2019entendre penser, mais en mieux.<\/p>\r\n<p style=\"text-align: justify;\">Je me suis d\u00e9fil\u00e9 parce que je suis nul en dates et que je suis incapable de classer des \u00e9v\u00e9nements dans un ordre chronologique. Et dans une bio il faut donner des informations.<\/p>\r\n<p style=\"text-align: justify;\">A part la musique, elle a fait pas mal de choses. Dans le d\u00e9sordre et rapidement : institutrice, du droit, est all\u00e9e en Isra\u00ebl , s\u2019est mari\u00e9e mais pas longtemps, a \u00e9crit des chansons depuis l\u2019\u00e2ge de 8 ans, son vrai pr\u00e9nom c\u2019est Keren, a r\u00e9ussi \u00e0 d\u00e9chiffrer seule l\u2019int\u00e9gralit\u00e9 de la chanson \u00ab Si j\u2019\u00e9tais un homme \u00bb de Diane Tell, elle a une meilleure droite que Mike Tyson, elle fait une crise de la quarantaine \u00e0 30 ans, elle a enterr\u00e9 des bijoux de sa m\u00e8re quand elle \u00e9tait petite dans une boite en carton mais ne se souvient plus o\u00f9.<\/p>\r\n<p style=\"text-align: justify;\">Et puis il y a eu, son premier disque, \u00ab <em><strong>Rose<\/strong> <\/em>\u00bb et ce premier disque : c\u2019\u00e9tait Keren avec ses chansons sous le bras qui d\u00e9couvrait le monde de la musique.<\/p>\r\n<p style=\"text-align: justify;\">A la sortie de l\u2019album, elle s\u2019\u00e9merveillait que 200 personnes ach\u00e8tent son disque chaque semaine. Et puis quelque temps plus tard plus de 500 000 personnes sont all\u00e9es chez leur disquaire, ont d\u00e9licatement pris ses chansons dans un bac et sont pass\u00e9es devant la caissi\u00e8re qu\u2019elles n\u2019ont pas manqu\u00e9 de saluer et sont rentr\u00e9es chez elles pour l\u2019\u00e9couter.<\/p>\r\n<p style=\"text-align: justify;\">Tr\u00e8s vite un tube \u00ab <strong>La liste<\/strong> \u00bb et un autre \u00ab <strong>Ciao Bella<\/strong> \u00bb et des concerts, beaucoup de concerts. Elle est devenue Rose. Et Rose sait ce qu\u2019elle veut.<\/p>\r\n<p style=\"text-align: justify;\">Alors cette fois pour ces \u00ab <em><strong>Souvenirs sous ma frange<\/strong><\/em> \u00bb, c\u2019est elle qui va se mettre en musique. Elle a pris une guitare \u00e9lectrique et a \u00e9crit treize chansons avec \u00e0 l\u2019arriv\u00e9e, un disque qui s\u2019\u00e9coute et qu\u2019on ne saurait interrompre d\u00e8s qu\u2019on a entendu le premier accord.<\/p>\r\n<p style=\"text-align: justify;\">Il s\u2019ouvre sur \u00ab <strong>Comment c\u2019\u00e9tait d\u00e9j\u00e0<\/strong> \u00bb, et tout de suite, m\u00eame si elle a grandi, on sait pourquoi on aime Rose. Ce dimanche matin, cette maison, ce petit rayon de soleil, ce sourire, si on ne les a pas v\u00e9cus, on en a forc\u00e9ment r\u00eav\u00e9. Et ces \u00ab souvenirs auxquels on tient \u00bb ce sont presque les miens.<\/p>\r\n<p style=\"text-align: justify;\">Je n\u2019\u00e9crirai pas cette bio et puis c\u2019est tout.<\/p>\r\n<p style=\"text-align: justify;\">Parce que Rose a \u00e9crit \u00ab <strong>Yes we did<\/strong> \u00bb. Cette chanson qui commence comme un petit carnet de bord doux amer de l\u2019ann\u00e9e 2008, finit comme un hymne sur les b\u00eatises que l\u2019on a fa\u00eetes et que l\u2019on ferait mieux d\u2019assumer. Vous allez entendre longtemps r\u00e9sonner ces <em>\u00ab\u00a0LalaLaLaLa<\/em>\u00ab\u00a0.<\/p>\r\n<p style=\"text-align: justify;\">De plus, la jeune fille n\u2019a pas seulement des chansons, elle a trouv\u00e9 un son. Elle a finalement partag\u00e9 ses compositions avec deux gar\u00e7ons Thibault et J\u00e9r\u00f4me d\u2019un groupe appel\u00e9 1973. Tous les trois ils ont su distiller des arrangements d\u2019une richesse incroyable, de l\u2019\u00e9pur\u00e9 \u00ab <strong>Hannah<\/strong> \u00bb au dixieland de \u00ab <strong>Ma corde au clou<\/strong> \u00bb, des violons et des ch\u0153urs, chaque m\u00e9lodie donnera envie au public de s\u2019arracher les cheveux pour choisir un morceau (Encore une fois je sugg\u00e8re l\u2019\u00e9coute int\u00e9grale du disque).<\/p>\r\n<p style=\"text-align: justify;\">Et enfin je n\u2019\u00e9crirai pas sa bio, parce que, quand j\u2019\u00e9coute ses chansons, j\u2019ai l\u2019impression d\u2019entendre la fille qui est en moi. Et elle me plait beaucoup. Parce que Rose a le courage de se livrer dans ses chansons sans jamais \u00eatre impudique.<\/p>\r\n<p style=\"text-align: justify;\">Et surtout parce qu\u2019il y a des filles comme \u00e7a, on a l\u2019impression que le soleil n\u2019\u00e9claire qu\u2019elle et si elle en doute vous m\u2019aiderez \u00e0 le lui rappeler.<\/p>\r\n<p style=\"text-align: justify;\">A great album. Yes she did.<\/p>\r\n<p style=\"text-align: justify;\">Thierry Teston<\/p>\r\n[\/vc_column_text]<\/div><\/div><\/div><\/div>","protected":false},"excerpt":{"rendered":"[vc_column_text]MENUMENUKEROSENEPINK LADYET PUIS JUINLES SOUVENIRS SOUS MA FRANGEROSEPLUS D'INFOS[\/vc_column_text] [ucaddon_side_border_title text=\"LES SOUVENIRS SOUS MA FRANGE (2009)\" bg_clr=\"#e13689\" uc_fonts_data=\"JTdCJTdE\"][vc_column_text] Quand Rose m\u2019a demand\u00e9 d\u2019\u00e9crire sa bio, j\u2019ai \u00e9t\u00e9 flatt\u00e9 et puis j\u2019ai refus\u00e9. Parce que c\u2019est difficile d\u2019\u00e9crire sur une fille qui parle aussi bien d\u2019elle et de nous tous. J\u2019ai refus\u00e9 pour \u00e9viter de tenter [...]","protected":false},"author":2,"featured_media":110,"parent":0,"menu_order":0,"comment_status":"closed","ping_status":"closed","template":"","meta":[],"_links":{"self":[{"href":"http:\/\/www.ciaobella.fr\/site\/wp-json\/wp\/v2\/pages\/27"}],"collection":[{"href":"http:\/\/www.ciaobella.fr\/site\/wp-json\/wp\/v2\/pages"}],"about":[{"href":"http:\/\/www.ciaobella.fr\/site\/wp-json\/wp\/v2\/types\/page"}],"author":[{"embeddable":true,"href":"http:\/\/www.ciaobella.fr\/site\/wp-json\/wp\/v2\/users\/2"}],"replies":[{"embeddable":true,"href":"http:\/\/www.ciaobella.fr\/site\/wp-json\/wp\/v2\/comments?post=27"}],"version-history":[{"count":14,"href":"http:\/\/www.ciaobella.fr\/site\/wp-json\/wp\/v2\/pages\/27\/revisions"}],"predecessor-version":[{"id":12453,"href":"http:\/\/www.ciaobella.fr\/site\/wp-json\/wp\/v2\/pages\/27\/revisions\/12453"}],"wp:featuredmedia":[{"embeddable":true,"href":"http:\/\/www.ciaobella.fr\/site\/wp-json\/wp\/v2\/media\/110"}],"wp:attachment":[{"href":"http:\/\/www.ciaobella.fr\/site\/wp-json\/wp\/v2\/media?parent=27"}],"curies":[{"name":"wp","href":"https:\/\/api.w.org\/{rel}","templated":true}]}}