{"id":2626,"date":"2012-03-29T06:21:54","date_gmt":"2012-03-29T06:21:54","guid":{"rendered":"http:\/\/www.ciaobella.fr\/site\/?page_id=2626"},"modified":"2020-09-27T20:00:37","modified_gmt":"2020-09-27T19:00:37","slug":"bonus","status":"publish","type":"page","link":"http:\/\/www.ciaobella.fr\/site\/bonus\/","title":{"rendered":"Bonus"},"content":{"rendered":"<div id=\"tdi_1\" class=\"tdc-row\"><div class=\"vc_row tdi_2  wpb_row td-pb-row\" >\n<style scoped>\n\n\/* custom css *\/\n.tdi_2,\r\n                .tdi_2 .tdc-columns{\r\n                    min-height: 0;\r\n                }.tdi_2,\r\n\t\t\t\t.tdi_2 .tdc-columns{\r\n\t\t\t\t    display: block;\r\n\t\t\t\t}.tdi_2 .tdc-columns{\r\n\t\t\t\t    width: 100%;\r\n\t\t\t\t}\n<\/style><div class=\"vc_column tdi_4  wpb_column vc_column_container tdc-column td-pb-span12\">\n<style scoped>\n\n\/* custom css *\/\n.tdi_4{\r\n                    vertical-align: baseline;\r\n                }.tdi_4 > .wpb_wrapper,\r\n\t\t\t\t.tdi_4 > .wpb_wrapper > .tdc-elements{\r\n\t\t\t\t    display: block;\r\n\t\t\t\t}.tdi_4 > .wpb_wrapper > .tdc-elements{\r\n\t\t\t\t    width: 100%;\r\n\t\t\t\t}.tdi_4 > .wpb_wrapper > .vc_row_inner{\r\n\t\t\t\t    width: auto;\r\n\t\t\t\t}.tdi_4 > .wpb_wrapper{\r\n\t\t\t\t    width: auto;\r\n\t\t\t\t    height: auto;\r\n\t\t\t\t}\n<\/style><div class=\"wpb_wrapper\">[vc_column_text]<div id=\"mega-menu-wrap-max_mega_menu_6\" class=\"mega-menu-wrap\"><div class=\"mega-menu-toggle\"><div class=\"mega-toggle-blocks-left\"><\/div><div class=\"mega-toggle-blocks-center\"><\/div><div class=\"mega-toggle-blocks-right\"><div class='mega-toggle-block mega-menu-toggle-block mega-toggle-block-1' id='mega-toggle-block-1' tabindex='0'><span class='mega-toggle-label' role='button' aria-expanded='false'><span class='mega-toggle-label-closed'>MENU<\/span><span class='mega-toggle-label-open'>MENU<\/span><\/span><\/div><\/div><\/div><ul id=\"mega-menu-max_mega_menu_6\" class=\"mega-menu max-mega-menu mega-menu-horizontal mega-no-js\" data-event=\"hover_intent\" data-effect=\"fade_up\" data-effect-speed=\"200\" data-effect-mobile=\"disabled\" data-effect-speed-mobile=\"0\" data-mobile-force-width=\"false\" data-second-click=\"go\" data-document-click=\"collapse\" data-vertical-behaviour=\"standard\" data-breakpoint=\"600\" data-unbind=\"true\" data-mobile-state=\"collapse_all\" data-hover-intent-timeout=\"300\" data-hover-intent-interval=\"100\"><li class='mega-menu-item mega-menu-item-type-post_type mega-menu-item-object-page mega-align-bottom-left mega-menu-flyout mega-menu-item-first mega-menu-item-12728' id='mega-menu-item-12728'><a class=\"mega-menu-link\" href=\"http:\/\/www.ciaobella.fr\/site\/videos-clips\/\" tabindex=\"0\">CLIPS<\/a><\/li><li class='mega-menu-item mega-menu-item-type-post_type mega-menu-item-object-page mega-align-bottom-left mega-menu-flyout mega-menu-item-12918' id='mega-menu-item-12918'><a class=\"mega-menu-link\" href=\"http:\/\/www.ciaobella.fr\/site\/videos-tv\/\" tabindex=\"0\">PASSAGES TV<\/a><\/li><li class='mega-menu-item mega-menu-item-type-post_type mega-menu-item-object-page mega-align-bottom-left mega-menu-flyout mega-menu-item-12919' id='mega-menu-item-12919'><a class=\"mega-menu-link\" href=\"http:\/\/www.ciaobella.fr\/site\/interviews-video-live\/\" tabindex=\"0\">INTERVIEWS & LIVE<\/a><\/li><li class='mega-menu-item mega-menu-item-type-post_type mega-menu-item-object-page mega-align-bottom-left mega-menu-flyout mega-menu-item-12920' id='mega-menu-item-12920'><a class=\"mega-menu-link\" href=\"http:\/\/www.ciaobella.fr\/site\/bonus\/\" tabindex=\"0\">EXCLUS CIAOBELLA<\/a><\/li><\/ul><\/div>[\/vc_column_text]<div class=\"wpb_wrapper td_block_empty_space td_block_wrap vc_empty_space tdi_6 \"  style=\"height: 32px\"><\/div><\/div><\/div><\/div><\/div><div id=\"tdi_7\" class=\"tdc-row\"><div class=\"vc_row tdi_8  wpb_row td-pb-row\" >\n<style scoped>\n\n\/* custom css *\/\n.tdi_8,\r\n                .tdi_8 .tdc-columns{\r\n                    min-height: 0;\r\n                }.tdi_8,\r\n\t\t\t\t.tdi_8 .tdc-columns{\r\n\t\t\t\t    display: block;\r\n\t\t\t\t}.tdi_8 .tdc-columns{\r\n\t\t\t\t    width: 100%;\r\n\t\t\t\t}\n<\/style><div class=\"vc_column tdi_10  wpb_column vc_column_container tdc-column td-pb-span12\">\n<style scoped>\n\n\/* custom css *\/\n.tdi_10{\r\n                    vertical-align: baseline;\r\n                }.tdi_10 > .wpb_wrapper,\r\n\t\t\t\t.tdi_10 > .wpb_wrapper > .tdc-elements{\r\n\t\t\t\t    display: block;\r\n\t\t\t\t}.tdi_10 > .wpb_wrapper > .tdc-elements{\r\n\t\t\t\t    width: 100%;\r\n\t\t\t\t}.tdi_10 > .wpb_wrapper > .vc_row_inner{\r\n\t\t\t\t    width: auto;\r\n\t\t\t\t}.tdi_10 > .wpb_wrapper{\r\n\t\t\t\t    width: auto;\r\n\t\t\t\t    height: auto;\r\n\t\t\t\t}\n<\/style><div class=\"wpb_wrapper\">[vc_column_text]Le 2 ao\u00fbt 2008, Rose &amp; The Lovely&rsquo;s ont jou\u00e9 \u00e0 Montr\u00e9al, pour le dernier concert d&rsquo;une longue tourn\u00e9e qui aura dur\u00e9 presque deux ans.\r\n\r\nNous trouvions dommage que ce beau chapitre se termine abruptement, alors nous avons lanc\u00e9 l&rsquo;op\u00e9ration \u00ab\u00a0Ciaobella.fr ouvre ses tiroirs\u00a0\u00bb, fin septembre 2008.\r\n\r\n<a href=\"http:\/\/www.ciaobella.fr\/site\/wp-content\/uploads\/2012\/03\/flyer_ope_400.jpg\"><img loading=\"lazy\" class=\"aligncenter size-full wp-image-2725\" title=\"flyer_ope_400\" src=\"http:\/\/www.ciaobella.fr\/site\/wp-content\/uploads\/2012\/03\/flyer_ope_400.jpg\" alt=\"\" width=\"400\" height=\"260\" srcset=\"http:\/\/www.ciaobella.fr\/site\/wp-content\/uploads\/2012\/03\/flyer_ope_400.jpg 400w, http:\/\/www.ciaobella.fr\/site\/wp-content\/uploads\/2012\/03\/flyer_ope_400-300x195.jpg 300w\" sizes=\"(max-width: 400px) 100vw, 400px\" \/><\/a>\r\n\r\nLe concept \u00e9tait simple : publier toutes les archives qui ne l&rsquo;avaient pas \u00e9t\u00e9, de 2006 \u00e0 aujourd&rsquo;hui (2008), des 1\u00e8res parties aux concerts en groupe &#8230;\r\n\r\n<img src=\"http:\/\/www.ciaobella.fr\/v2\/images\/puce.gif\" alt=\"\" \/> <strong>Teaser<\/strong>\r\n<p style=\"text-align: center;\"><iframe loading=\"lazy\" src=\"http:\/\/www.dailymotion.com\/embed\/video\/x6op91\" width=\"480\" height=\"360\" frameborder=\"0\"><\/iframe><\/p>\r\nChaque semaine pendant huit semaines \u00e0 compter du 22 septembre 2008, nous avons publi\u00e9 des vid\u00e9os &amp; photos in\u00e9dites jusqu&rsquo;alors.\r\n\u00bb <a href=\"http:\/\/www.ciaobella.fr\/v1\/?page=bonus\" target=\"_blank\" rel=\"noopener noreferrer\">Voir tout le r\u00e9capitulatif de l&rsquo;op\u00e9ration<\/a>\r\n\u00bb <a href=\"http:\/\/www.ciaobella.fr\/forum\/viewtopic.php?t=493\" target=\"_blank\" rel=\"noopener noreferrer\">Lire les r\u00e9actions des internautes<\/a>\r\n\r\nRose a accept\u00e9 de participer, de m\u00eame que J\u00e9r\u00f4me Plasseraud et ils nous ont pr\u00eat\u00e9s quelques archives in\u00e9dites. Et sans l&rsquo;avoir vraiment pr\u00e9m\u00e9dit\u00e9 une interview \u00ab\u00a0Bilan de tourn\u00e9e\u00a0\u00bb a vu le jour. L&rsquo;occasion pour Rose et J\u00e9r\u00f4me de dresser une sorte de bilan de la tourn\u00e9e, dans un cadre intimiste propice \u00e0 la spontan\u00e9it\u00e9 !\r\n<h2>Interview \u00ab\u00a0Bilan de tourn\u00e9e\u00a0\u00bb<\/h2>\r\n<img src=\"http:\/\/www.ciaobella.fr\/v2\/images\/puce.gif\" alt=\"\" \/> <strong>Part 1<\/strong>\r\n<p style=\"text-align: center;\"><iframe loading=\"lazy\" src=\"http:\/\/www.dailymotion.com\/embed\/video\/x6wktn\" width=\"480\" height=\"389\" frameborder=\"0\"><\/iframe><\/p>\r\n<img src=\"http:\/\/www.ciaobella.fr\/v2\/images\/puce.gif\" alt=\"\" \/> <strong>Part 2<\/strong>\r\n<p style=\"text-align: center;\"><iframe loading=\"lazy\" src=\"http:\/\/www.dailymotion.com\/embed\/video\/x71g0m\" width=\"480\" height=\"389\" frameborder=\"0\"><\/iframe><\/p>\r\n\r\n<h2>Rose &amp; The Lovely&rsquo;s on tour<\/h2>\r\n<em>Images par J\u00e9r\u00f4me Plasseraud, Camille Ollivier, Rose &amp; Johanna<\/em>\r\nUne \u00ab\u00a0inside view\u00a0\u00bb des coulisses de la tourn\u00e9e, ainsi que du final \u00e0 Montr\u00e9al en ao\u00fbt dernier.\r\n\r\n<img src=\"http:\/\/www.ciaobella.fr\/v2\/images\/puce.gif\" alt=\"\" \/> <strong>Photos<\/strong>\r\n[nggallery id=67]\r\n\r\n<img src=\"http:\/\/www.ciaobella.fr\/v2\/images\/puce.gif\" alt=\"\" \/> <strong>Vid\u00e9o<\/strong>\r\n<p style=\"text-align: center;\"><iframe loading=\"lazy\" src=\"http:\/\/www.dailymotion.com\/embed\/video\/x7b5ne\" width=\"480\" height=\"360\" frameborder=\"0\"><\/iframe><\/p>\r\n\u00bb <a href=\"http:\/\/www.ciaobella.fr\/v1\/?page=bonus\" target=\"_blank\" rel=\"noopener noreferrer\">Voir tout le r\u00e9capitulatif de l&rsquo;op\u00e9ration<\/a>\r\n\u00bb <a href=\"http:\/\/www.ciaobella.fr\/forum\/viewtopic.php?t=493\" target=\"_blank\" rel=\"noopener noreferrer\">Lire les r\u00e9actions des internautes<\/a>[\/vc_column_text]<\/div><\/div><\/div><\/div>","protected":false},"excerpt":{"rendered":"[vc_column_text]MENUMENUCLIPSPASSAGES TVINTERVIEWS & LIVEEXCLUS CIAOBELLA[\/vc_column_text] [vc_column_text]Le 2 ao\u00fbt 2008, Rose &amp; The Lovely's ont jou\u00e9 \u00e0 Montr\u00e9al, pour le dernier concert d'une longue tourn\u00e9e qui aura dur\u00e9 presque deux ans. Nous trouvions dommage que ce beau chapitre se termine abruptement, alors nous avons lanc\u00e9 l'op\u00e9ration \"Ciaobella.fr ouvre ses tiroirs\", fin septembre 2008. Le concept \u00e9tait [...]","protected":false},"author":2,"featured_media":2725,"parent":0,"menu_order":0,"comment_status":"open","ping_status":"closed","template":"","meta":[],"_links":{"self":[{"href":"http:\/\/www.ciaobella.fr\/site\/wp-json\/wp\/v2\/pages\/2626"}],"collection":[{"href":"http:\/\/www.ciaobella.fr\/site\/wp-json\/wp\/v2\/pages"}],"about":[{"href":"http:\/\/www.ciaobella.fr\/site\/wp-json\/wp\/v2\/types\/page"}],"author":[{"embeddable":true,"href":"http:\/\/www.ciaobella.fr\/site\/wp-json\/wp\/v2\/users\/2"}],"replies":[{"embeddable":true,"href":"http:\/\/www.ciaobella.fr\/site\/wp-json\/wp\/v2\/comments?post=2626"}],"version-history":[{"count":22,"href":"http:\/\/www.ciaobella.fr\/site\/wp-json\/wp\/v2\/pages\/2626\/revisions"}],"predecessor-version":[{"id":12927,"href":"http:\/\/www.ciaobella.fr\/site\/wp-json\/wp\/v2\/pages\/2626\/revisions\/12927"}],"wp:featuredmedia":[{"embeddable":true,"href":"http:\/\/www.ciaobella.fr\/site\/wp-json\/wp\/v2\/media\/2725"}],"wp:attachment":[{"href":"http:\/\/www.ciaobella.fr\/site\/wp-json\/wp\/v2\/media?parent=2626"}],"curies":[{"name":"wp","href":"https:\/\/api.w.org\/{rel}","templated":true}]}}