{"id":1752,"date":"2011-12-29T19:16:10","date_gmt":"2011-12-29T19:16:10","guid":{"rendered":"http:\/\/www.ciaobella.fr\/site\/?page_id=1752"},"modified":"2014-02-02T04:05:24","modified_gmt":"2014-02-02T03:05:24","slug":"little-girl-blue","status":"publish","type":"page","link":"http:\/\/www.ciaobella.fr\/site\/little-girl-blue\/","title":{"rendered":"Little Girl Blue"},"content":{"rendered":"<div id=\"sous-menu-pages\"><a href=\"http:\/\/www.ciaobella.fr\/site\/biographie-2009\/\">Biographie 2009<\/a> | <a href=\"http:\/\/www.ciaobella.fr\/site\/biographie-2006\/\">Biographie 2006<\/a> | <a href=\"http:\/\/www.ciaobella.fr\/site\/biographie-infos\/\">Plus d&rsquo;infos<\/a> | <a href=\"http:\/\/www.ciaobella.fr\/site\/little-girl-blue\/\">Little Girl Blue<\/a><\/div>\n<p><img src=\"http:\/\/www.ciaobella.fr\/v2\/images\/puce.gif\" alt=\"\" \/><strong>Little Girl Blue <\/strong>est un reportage de 50 minutes, r\u00e9alis\u00e9 par Thierry Teston courant 2009. Rose y retrace son parcours depuis ses d\u00e9buts \u00e0 Nice, pr\u00e9sente l&rsquo;album \u00e0 venir \u00e0 l&rsquo;\u00e9poque Les souvenirs sous ma frange, pr\u00e9sente son entourage musical et personnel &#8230; Mais il n&rsquo;a malheureusement \u00e9t\u00e9 diffus\u00e9 qu&rsquo;une seule et unique fois, et ce tr\u00e8s en retard par rapport \u00e0 la sortie de l&rsquo;album : dans la nuit du 31 juillet au 1 Ao\u00fbt 2010, de 3h05 \u00e0 3h55.<\/p>\n<p><img src=\"http:\/\/www.ciaobella.fr\/v2\/images\/puce.gif\" alt=\"\" \/>C&rsquo;est pour ce reportage qu&rsquo;avaient eu lieu les deux mini-concerts au Canal Saint-Martin et au Rosa Bonheur en juin 2009.<br \/>\n\u00bb <a href=\"http:\/\/www.ciaobella.fr\/site\/2009\/06\/14\/canal-saint-martin-paris\/\">Plus d&rsquo;infos, photos et vid\u00e9os du concert au Canal Saint-Martin par ici<\/a><br \/>\n\u00bb <a href=\"http:\/\/www.ciaobella.fr\/site\/2009\/06\/14\/rosa-bonheur-paris\/\">Plus d&rsquo;infos, photos et vid\u00e9os du concert au Rosa Bonheur par ici<\/a><\/p>\n<p><img src=\"http:\/\/www.ciaobella.fr\/v2\/images\/puce.gif\" alt=\"\" \/>Le nom du reportage vient du titre d&rsquo;une chanson de Janis Joplin, qui est l&rsquo;une des pr\u00e9f\u00e9r\u00e9es de Rose. Une chanson qu&rsquo;elle n&rsquo;a d&rsquo;ailleurs repris officiellement sur sc\u00e8ne qu&rsquo;une seule fois, pour le reportage.<\/p>\n<p><iframe loading=\"lazy\" src=\"https:\/\/www.facebook.com\/video\/embed?video_id=442693366400\" width=\"600\" height=\"480\" frameborder=\"0\"><\/iframe><\/p>\n<p><img src=\"http:\/\/www.ciaobella.fr\/v2\/images\/puce.gif\" alt=\"\" \/>Thierry Teston est \u00e9galement celui qui a \u00e9crit la pr\u00e9sentation accompagnant l&rsquo;album Les souvenirs sous ma frange.<br \/>\n\u00bb <a href=\"http:\/\/www.ciaobella.fr\/site\/biographie-2009\/\">A lire par ici<\/a><\/p>\n<p><img src=\"http:\/\/www.ciaobella.fr\/v2\/images\/puce.gif\" alt=\"\" \/>Quelques captures d&rsquo;\u00e9cran du reportage:<br \/>\n[nggallery id=66]\n<p><img src=\"http:\/\/www.ciaobella.fr\/v2\/images\/puce.gif\" alt=\"\" \/> Et pour ceux qui se demanderaient comment faire pour regarder ce reportage, <a href=\"https:\/\/vimeo.com\/37346505\" target=\"_blank\">peut-\u00eatre<\/a> trouverez vous la r\u00e9ponse pas tr\u00e8s loin &#8230; \ud83d\ude09<\/p>\n<p>Genre l\u00e0 :<br \/>\n<iframe loading=\"lazy\" src=\"http:\/\/player.vimeo.com\/video\/37346505?color=ff0179\" width=\"600\" height=\"338\" frameborder=\"0\" webkitAllowFullScreen mozallowfullscreen allowFullScreen><\/iframe><\/p>\n","protected":false},"excerpt":{"rendered":"<p>Biographie 2009 | Biographie 2006 | Plus d&rsquo;infos | Little Girl Blue Little Girl Blue est un reportage de 50 minutes, r\u00e9alis\u00e9 par Thierry Teston courant 2009. Rose y retrace son parcours depuis ses d\u00e9buts \u00e0 Nice, pr\u00e9sente l&rsquo;album \u00e0 venir \u00e0 l&rsquo;\u00e9poque Les souvenirs sous ma frange, pr\u00e9sente son entourage musical et personnel &#8230; [&hellip;]<\/p>\n","protected":false},"author":2,"featured_media":4811,"parent":0,"menu_order":0,"comment_status":"open","ping_status":"closed","template":"","meta":[],"_links":{"self":[{"href":"http:\/\/www.ciaobella.fr\/site\/wp-json\/wp\/v2\/pages\/1752"}],"collection":[{"href":"http:\/\/www.ciaobella.fr\/site\/wp-json\/wp\/v2\/pages"}],"about":[{"href":"http:\/\/www.ciaobella.fr\/site\/wp-json\/wp\/v2\/types\/page"}],"author":[{"embeddable":true,"href":"http:\/\/www.ciaobella.fr\/site\/wp-json\/wp\/v2\/users\/2"}],"replies":[{"embeddable":true,"href":"http:\/\/www.ciaobella.fr\/site\/wp-json\/wp\/v2\/comments?post=1752"}],"version-history":[{"count":14,"href":"http:\/\/www.ciaobella.fr\/site\/wp-json\/wp\/v2\/pages\/1752\/revisions"}],"predecessor-version":[{"id":4812,"href":"http:\/\/www.ciaobella.fr\/site\/wp-json\/wp\/v2\/pages\/1752\/revisions\/4812"}],"wp:featuredmedia":[{"embeddable":true,"href":"http:\/\/www.ciaobella.fr\/site\/wp-json\/wp\/v2\/media\/4811"}],"wp:attachment":[{"href":"http:\/\/www.ciaobella.fr\/site\/wp-json\/wp\/v2\/media?parent=1752"}],"curies":[{"name":"wp","href":"https:\/\/api.w.org\/{rel}","templated":true}]}}