{"id":12179,"date":"2019-09-05T18:57:51","date_gmt":"2019-09-05T17:57:51","guid":{"rendered":"http:\/\/www.ciaobella.fr\/site\/?page_id=12179"},"modified":"2019-09-16T18:45:41","modified_gmt":"2019-09-16T17:45:41","slug":"biographie","status":"publish","type":"page","link":"http:\/\/www.ciaobella.fr\/site\/biographie\/","title":{"rendered":"Biographie K\u00e9ros\u00e8ne (2019)"},"content":{"rendered":"<div id=\"tdi_1\" class=\"tdc-row\"><div class=\"vc_row tdi_2  wpb_row td-pb-row\" >\n<style scoped>\n\n\/* custom css *\/\n.tdi_2,\r\n                .tdi_2 .tdc-columns{\r\n                    min-height: 0;\r\n                }.tdi_2,\r\n\t\t\t\t.tdi_2 .tdc-columns{\r\n\t\t\t\t    display: block;\r\n\t\t\t\t}.tdi_2 .tdc-columns{\r\n\t\t\t\t    width: 100%;\r\n\t\t\t\t}\n<\/style><div class=\"vc_column tdi_4  wpb_column vc_column_container tdc-column td-pb-span12\">\n<style scoped>\n\n\/* custom css *\/\n.tdi_4{\r\n                    vertical-align: baseline;\r\n                }.tdi_4 > .wpb_wrapper,\r\n\t\t\t\t.tdi_4 > .wpb_wrapper > .tdc-elements{\r\n\t\t\t\t    display: block;\r\n\t\t\t\t}.tdi_4 > .wpb_wrapper > .tdc-elements{\r\n\t\t\t\t    width: 100%;\r\n\t\t\t\t}.tdi_4 > .wpb_wrapper > .vc_row_inner{\r\n\t\t\t\t    width: auto;\r\n\t\t\t\t}.tdi_4 > .wpb_wrapper{\r\n\t\t\t\t    width: auto;\r\n\t\t\t\t    height: auto;\r\n\t\t\t\t}\n<\/style><div class=\"wpb_wrapper\">[vc_column_text]<div id=\"mega-menu-wrap-max_mega_menu_2\" class=\"mega-menu-wrap\"><div class=\"mega-menu-toggle\"><div class=\"mega-toggle-blocks-left\"><\/div><div class=\"mega-toggle-blocks-center\"><\/div><div class=\"mega-toggle-blocks-right\"><div class='mega-toggle-block mega-menu-toggle-block mega-toggle-block-1' id='mega-toggle-block-1' tabindex='0'><span class='mega-toggle-label' role='button' aria-expanded='false'><span class='mega-toggle-label-closed'>MENU<\/span><span class='mega-toggle-label-open'>MENU<\/span><\/span><\/div><\/div><\/div><ul id=\"mega-menu-max_mega_menu_2\" class=\"mega-menu max-mega-menu mega-menu-horizontal mega-no-js\" data-event=\"hover_intent\" data-effect=\"fade_up\" data-effect-speed=\"200\" data-effect-mobile=\"disabled\" data-effect-speed-mobile=\"0\" data-mobile-force-width=\"false\" data-second-click=\"go\" data-document-click=\"collapse\" data-vertical-behaviour=\"standard\" data-breakpoint=\"600\" data-unbind=\"true\" data-mobile-state=\"collapse_all\" data-hover-intent-timeout=\"300\" data-hover-intent-interval=\"100\"><li class='mega-menu-item mega-menu-item-type-post_type mega-menu-item-object-page mega-align-bottom-left mega-menu-flyout mega-menu-item-first mega-menu-item-12205' id='mega-menu-item-12205'><a class=\"mega-menu-link\" href=\"http:\/\/www.ciaobella.fr\/site\/biographie\/\" tabindex=\"0\">KEROSENE<\/a><\/li><li class='mega-menu-item mega-menu-item-type-post_type mega-menu-item-object-page mega-align-bottom-left mega-menu-flyout mega-menu-item-12209' id='mega-menu-item-12209'><a class=\"mega-menu-link\" href=\"http:\/\/www.ciaobella.fr\/site\/biographie-2015\/\" tabindex=\"0\">PINK LADY<\/a><\/li><li class='mega-menu-item mega-menu-item-type-post_type mega-menu-item-object-page mega-align-bottom-left mega-menu-flyout mega-menu-item-12206' id='mega-menu-item-12206'><a class=\"mega-menu-link\" href=\"http:\/\/www.ciaobella.fr\/site\/biographie-2013\/\" tabindex=\"0\">ET PUIS JUIN<\/a><\/li><li class='mega-menu-item mega-menu-item-type-post_type mega-menu-item-object-page mega-align-bottom-left mega-menu-flyout mega-menu-item-12208' id='mega-menu-item-12208'><a class=\"mega-menu-link\" href=\"http:\/\/www.ciaobella.fr\/site\/biographie-2009\/\" tabindex=\"0\">LES SOUVENIRS SOUS MA FRANGE<\/a><\/li><li class='mega-menu-item mega-menu-item-type-post_type mega-menu-item-object-page mega-align-bottom-left mega-menu-flyout mega-menu-item-12210' id='mega-menu-item-12210'><a class=\"mega-menu-link\" href=\"http:\/\/www.ciaobella.fr\/site\/biographie-2006\/\" tabindex=\"0\">ROSE<\/a><\/li><li class='mega-menu-item mega-menu-item-type-post_type mega-menu-item-object-page mega-align-bottom-left mega-menu-flyout mega-menu-item-12146' id='mega-menu-item-12146'><a class=\"mega-menu-link\" href=\"http:\/\/www.ciaobella.fr\/site\/biographie-infos\/\" tabindex=\"0\">PLUS D'INFOS<\/a><\/li><\/ul><\/div>[\/vc_column_text]<div class=\"wpb_wrapper td_block_empty_space td_block_wrap vc_empty_space tdi_6 \"  style=\"height: 32px\"><\/div><\/div><\/div><\/div><\/div><div id=\"tdi_7\" class=\"tdc-row\"><div class=\"vc_row tdi_8  wpb_row td-pb-row\" >\n<style scoped>\n\n\/* custom css *\/\n.tdi_8,\r\n                .tdi_8 .tdc-columns{\r\n                    min-height: 0;\r\n                }.tdi_8,\r\n\t\t\t\t.tdi_8 .tdc-columns{\r\n\t\t\t\t    display: block;\r\n\t\t\t\t}.tdi_8 .tdc-columns{\r\n\t\t\t\t    width: 100%;\r\n\t\t\t\t}\n<\/style><div class=\"vc_column tdi_10  wpb_column vc_column_container tdc-column td-pb-span12\">\n<style scoped>\n\n\/* custom css *\/\n.tdi_10{\r\n                    vertical-align: baseline;\r\n                }.tdi_10 > .wpb_wrapper,\r\n\t\t\t\t.tdi_10 > .wpb_wrapper > .tdc-elements{\r\n\t\t\t\t    display: block;\r\n\t\t\t\t}.tdi_10 > .wpb_wrapper > .tdc-elements{\r\n\t\t\t\t    width: 100%;\r\n\t\t\t\t}.tdi_10 > .wpb_wrapper > .vc_row_inner{\r\n\t\t\t\t    width: auto;\r\n\t\t\t\t}.tdi_10 > .wpb_wrapper{\r\n\t\t\t\t    width: auto;\r\n\t\t\t\t    height: auto;\r\n\t\t\t\t}\n<\/style><div class=\"wpb_wrapper\">[ucaddon_side_border_title text=\u00a0\u00bbKEROSENE (2019)\u00a0\u00bb bg_clr=\u00a0\u00bb#e13689&Prime; uc_fonts_data=\u00a0\u00bbJTdCJTdE\u00a0\u00bb]<div class=\"wpb_wrapper td_block_empty_space td_block_wrap vc_empty_space tdi_12 \"  style=\"height: 32px\"><\/div>[vc_column_text]\r\n<div class=\"col-md-9 text-justify wow fadeInRight\">\r\n<p style=\"text-align: justify;\">Il semblerait qu\u2019elle nous revienne l\u2019\u00e2me insouciante, en f\u00eate, elle s\u2019enivre sur une musique up-tempo, ses cheveux s\u2019emm\u00ealent, ses yeux bleu nuit visent la boule \u00e0 facettes au plafond. C\u2019est <strong>Larmes \u00e0 paillettes<\/strong>, le premier single de <strong>KEROSENE<\/strong>, le cinqui\u00e8me album de<strong> Rose<\/strong>.<\/p>\r\n<p style=\"text-align: justify;\">Il semblerait, seulement, puisque le texte d\u00e9crit au contraire une \u00e2me en pleurs \u2013 comme les chansons qui suivront. <strong>KEROSENE<\/strong> en contient treize, chacune correspondant \u00e0 un chapitre de l\u2019autobiographie qu\u2019elle publie au m\u00eame moment. Un disque et un livre \u00e9ponymes, faux jumeaux, qui racontent de quel ab\u00eeme a r\u00e9chapp\u00e9 leur auteur, la Ni\u00e7oise flamboyante, Keren alias Rose, qui d\u00e9butait en 2006 en dressant <strong>La Liste<\/strong> de ses envies inassouvies. Depuis, sa guitare en arp\u00e8ges n\u2019a cess\u00e9 d\u2019\u00e9grener les al\u00e9as d\u2019une vie de m\u00e9lancolie, ce sentiment mouvant, g\u00eanant comme un pull \u00e0 m\u00eame la peau, et qui pique.<\/p>\r\n<p style=\"text-align: justify;\">Ses albums successifs, \u00ab <strong>Rose<\/strong> \u00bb (2006), \u00ab <strong>Les Souvenirs sous ma frange<\/strong> \u00bb (2009), \u00ab <strong>Et puis juin<\/strong> \u00bb (2011) et enfin \u00ab <strong>Pink Lady<\/strong> \u00bb (2015) d\u00e9voilaient un pass\u00e9 saum\u00e2tre et un pr\u00e9sent toujours n\u00e9buleux. Allait-elle se r\u00e9soudre \u00e0 poser sur cette persistance vaseuse le mot fatalit\u00e9 ? Rose ou l\u2019\u00e9pop\u00e9e d\u2019une femme qui aspire en th\u00e9orie au bonheur simple et \u00e9quilibr\u00e9 dans lequel elle a grandi. En th\u00e9orie, car rien n\u2019y fait. De l\u00e0 \u00e0 dire qu\u2019elle le fuit, ce bonheur\u2026 Tant pis pour elle, tant mieux pour nous : de ces souffrances sont n\u00e9es de puissantes ballades.<\/p>\r\n<p style=\"text-align: justify;\">Ces derni\u00e8res ann\u00e9es, elle a v\u00e9cu \u00e0 l\u2019\u00e9cart du m\u00e9tier jusqu\u2019\u00e0 le remettre en question, elle allait de plus en plus mal et nous l\u2019ignorions. <strong>KEROSENE<\/strong> revient sur <strong>Les Ann\u00e9es diaboliques<\/strong>, celles qui ont \u00ab <em>cogn\u00e9 aux portes des vices\/ont sonn\u00e9 la fin des Cantiques<\/em> \u00bb. Elles la poussaient \u00e0 poursuivre ses d\u00e9ambulations jusqu\u2019au lever du soleil, apr\u00e8s une nuit de plus sous le signe de chaos. Au petit-d\u00e9jeuner, elle commandait souvent <strong>Une bi\u00e8re, un croissant<\/strong> : \u00ab <em>Je pourrais rentrer chez moi, tant que le jour est encore timide\/ Mais mon instinct de subir est trop fort, il faut que je m\u2019inflige encore.<\/em> \u00bb \u00c0 d\u00e9faut du mythique grand amour qu\u2019elle ne sait ni choisir ni retenir, elle collectionne des amants de fortune. \u00ab <em>Il y avait cette crainte de n\u2019\u00eatre aim\u00e9e toujours\/Que noyaient les \u00e9treintes mais que ravivait le jour<\/em> \u00bb (<strong>L\u2019Horizon grand<\/strong>). Elle a conscience de leur faire peur : \u00ab <em>Si je m\u2019\u00e9tais crois\u00e9e, j\u2019aurais pris la tangente<\/em> \u00bb (<strong>Les Hommes<\/strong>). Ainsi la chanteuse ach\u00e8ve les quarante premi\u00e8res ann\u00e9es de sa vie \u00ab <em>effac\u00e9e<\/em> \u00bb, \u00e0 \u00ab <em>faire de la figuration \u00e0 s\u2019en d\u00e9figurer<\/em> \u00bb, \u00e0 \u00ab <em>se d\u00e9salt\u00e9rer tant jusqu\u2019\u00e0 s\u2019en alt\u00e9rer<\/em> \u00bb (<strong>Pourquoi pas<\/strong>). Elle appelle au secours (<strong>Recueille-moi<\/strong>), cherche sans les trouver <strong>Les Issues de ce corps<\/strong>. Elle finit dans une <strong>Chambre simple<\/strong>, \u00ab <em>Les yeux dans le vide, les heures insipides<\/em> \u00bb. On est en HP.<\/p>\r\n<p style=\"text-align: justify;\">Voici ce que d\u00e9voilent <strong>KEROSENE<\/strong>, le disque, le livre, l\u2019un en vers et l\u2019autre en prose. Solidaires pour faire tomber mine de rien quelques tabous : l\u2019alcoolisme, la drogue et le sexe au f\u00e9minin.<\/p>\r\n<p style=\"text-align: justify;\">Vient enfin le moment o\u00f9 Rose se sent plus qu\u2019\u00e9puis\u00e9e, mise en danger par son double fr\u00e9n\u00e9tique, mal\u00e9fique, qui l\u2019a pouss\u00e9e dehors toutes les nuits, \u00e0 fr\u00e9quenter l\u2019infr\u00e9quentable, boire un dernier verre, tracer des lignes blanches \u00e0 l\u2019infini, s\u2019abandonner dans des lits de hasard. Se parlant \u00e0 elle-m\u00eame, Rose s\u2019invite \u00e0 \u00ab <em>d\u00e9couvrir la vie qu\u2019il te reste<\/em> \u00bb (<strong>Sans ivresse<\/strong>). Et puis, elle s\u2019est dit : \u00ab <em>Allons voir si j\u2019arrose un peu trop ma vie juste pour de la prose<\/em> \u00bb, chante-t-elle. Et puis elle s\u2019est dit : \u00ab<em> Pourquoi pas \u00eatre heureuse\/pourquoi pas \u00eatre Rose ?<\/em> \u00bb (<strong>Pourquoi pas<\/strong>). Elle trouve le repos dans la respiration, la m\u00e9ditation.<\/p>\r\n<p style=\"text-align: justify;\">La chanteuse ouvre une page Word, et s\u2019essaie au piano pour la premi\u00e8re fois. Elle fait alors la rencontre du pianiste Romain Berrodier, et tout deviendra \u00e9vident : l\u2019amour, la complicit\u00e9, la cr\u00e9ation. Leurs cultures musicales s\u2019ajoutent et se compl\u00e8tent. Sans doute lui doit-on les accents de France Gall chantant Michel Berger que l\u2019on entend souvent.\r\nLe r\u00e9alisateur R\u00e9gis Ceccarelli (Henri Salvador, Alain Souchon, Abd Al Malik) saura mettre la couleur qu\u2019il faut sur les humeurs de chaque chanson, de chaque chapitre. Il r\u00e9ussit l\u2019exploit d\u2019unifier les titres de KEROSENE, qui n\u2019est pas homog\u00e8ne puisque la vie de Rose, elle, ne l\u2019est pas. Il ajoutera parfois des cordes au piano pour sublimer toute l\u2019\u00e9motion contenue dans cet album, celui d\u2019une renaissance.\r\nAujourd\u2019hui, pour elle tout (re)commence : \u00ab <em>Il faut s\u2019asseoir un moment pour r\u00e9aliser que de toute fa\u00e7on on ne tient plus debout que machinalement, artificiellement, fr\u00e9n\u00e9tiquement. On ne tient plus debout que mensong\u00e8rement<\/em> \u00bb (<strong>L\u2019inconnue c\u2019est moi<\/strong>). La pulsion de vie salvatrice vient notamment de la chambre du fond o\u00f9 un petit gar\u00e7on, le sien, fait des r\u00eaves en couleurs. C\u2019est pour lui qu\u2019elle fait tous ces \u00ab <em>pas qui ne m\u00e8nent pas \u00e0 Rome<\/em> \u00bb (<strong>Si ce n\u2019\u00e9tait pour toi<\/strong>), ces grandes enjamb\u00e9es vers la r\u00e9conciliation. Mais c\u2019est pour nous qu\u2019elle enregistre ces chansons, sans doute les plus belles, les plus touchantes, les plus profondes de son existence caboss\u00e9e.<\/p>\r\n<p style=\"text-align: justify;\">Rose est de retour, et c\u2019est Keren qui la raconte. Rose\/Keren : voici KEROSENE.<\/p>\r\n\r\n<\/div>\r\n[\/vc_column_text]<\/div><\/div><\/div><\/div>","protected":false},"excerpt":{"rendered":"[vc_column_text]MENUMENUKEROSENEPINK LADYET PUIS JUINLES SOUVENIRS SOUS MA FRANGEROSEPLUS D'INFOS[\/vc_column_text] [ucaddon_side_border_title text=\"KEROSENE (2019)\" bg_clr=\"#e13689\" uc_fonts_data=\"JTdCJTdE\"][vc_column_text] Il semblerait qu\u2019elle nous revienne l\u2019\u00e2me insouciante, en f\u00eate, elle s\u2019enivre sur une musique up-tempo, ses cheveux s\u2019emm\u00ealent, ses yeux bleu nuit visent la boule \u00e0 facettes au plafond. C\u2019est Larmes \u00e0 paillettes, le premier single de KEROSENE, le cinqui\u00e8me album [...]","protected":false},"author":5,"featured_media":0,"parent":0,"menu_order":0,"comment_status":"closed","ping_status":"closed","template":"","meta":[],"_links":{"self":[{"href":"http:\/\/www.ciaobella.fr\/site\/wp-json\/wp\/v2\/pages\/12179"}],"collection":[{"href":"http:\/\/www.ciaobella.fr\/site\/wp-json\/wp\/v2\/pages"}],"about":[{"href":"http:\/\/www.ciaobella.fr\/site\/wp-json\/wp\/v2\/types\/page"}],"author":[{"embeddable":true,"href":"http:\/\/www.ciaobella.fr\/site\/wp-json\/wp\/v2\/users\/5"}],"replies":[{"embeddable":true,"href":"http:\/\/www.ciaobella.fr\/site\/wp-json\/wp\/v2\/comments?post=12179"}],"version-history":[{"count":7,"href":"http:\/\/www.ciaobella.fr\/site\/wp-json\/wp\/v2\/pages\/12179\/revisions"}],"predecessor-version":[{"id":12454,"href":"http:\/\/www.ciaobella.fr\/site\/wp-json\/wp\/v2\/pages\/12179\/revisions\/12454"}],"wp:attachment":[{"href":"http:\/\/www.ciaobella.fr\/site\/wp-json\/wp\/v2\/media?parent=12179"}],"curies":[{"name":"wp","href":"https:\/\/api.w.org\/{rel}","templated":true}]}}